{"id":986,"date":"2025-02-07T12:44:28","date_gmt":"2025-02-07T10:44:28","guid":{"rendered":"https:\/\/tyretower.fi\/bil-och-dackbranschen\/"},"modified":"2025-03-18T12:56:30","modified_gmt":"2025-03-18T10:56:30","slug":"bil-och-dackbranschen","status":"publish","type":"page","link":"https:\/\/tyretower.fi\/sv\/bil-och-dackbranschen\/","title":{"rendered":"Bil- och d\u00e4ckbranschen"},"content":{"rendered":"\t\t<div data-elementor-type=\"wp-page\" data-elementor-id=\"986\" class=\"elementor elementor-986 elementor-718\" data-elementor-post-type=\"page\">\n\t\t\t\t<div class=\"elementor-element elementor-element-e2856ed parallax-container e-flex e-con-boxed e-con e-parent\" data-id=\"e2856ed\" data-element_type=\"container\" data-e-type=\"container\" data-settings=\"{&quot;background_background&quot;:&quot;classic&quot;}\">\n\t\t\t\t\t<div class=\"e-con-inner\">\n\t\t<div class=\"elementor-element elementor-element-153b2f5 e-con-full e-flex e-con e-child\" data-id=\"153b2f5\" data-element_type=\"container\" data-e-type=\"container\">\n\t\t\t\t<div class=\"elementor-element elementor-element-2c995db elementor-widget__width-inherit elementor-widget elementor-widget-heading\" data-id=\"2c995db\" data-element_type=\"widget\" data-e-type=\"widget\" data-widget_type=\"heading.default\">\n\t\t\t\t\t<h1 class=\"elementor-heading-title elementor-size-default\">Bil- och d\u00e4ckbranschen<\/h1>\t\t\t\t<\/div>\n\t\t\t\t<div class=\"elementor-element elementor-element-5a58ecc elementor-widget__width-inherit elementor-widget elementor-widget-text-editor\" data-id=\"5a58ecc\" data-element_type=\"widget\" data-e-type=\"widget\" data-widget_type=\"text-editor.default\">\n\t\t\t\t\t\t\t\t\t<p>Tyre Tower \u2013 Skalbar d\u00e4ckf\u00f6rvaring f\u00f6r alla akt\u00f6rer, fr\u00e5n sm\u00e5 verkst\u00e4der till stora logistikcenter<\/p>\n\t\t\t\t\t\t\t\t<\/div>\n\t\t\t\t<\/div>\n\t\t\t\t\t<\/div>\n\t\t\t\t<\/div>\n\t\t<div class=\"elementor-element elementor-element-6e3679f e-flex e-con-boxed e-con e-parent\" data-id=\"6e3679f\" data-element_type=\"container\" data-e-type=\"container\">\n\t\t\t\t\t<div class=\"e-con-inner\">\n\t\t<div class=\"elementor-element elementor-element-b7d3922 e-con-full e-flex e-con e-child\" data-id=\"b7d3922\" data-element_type=\"container\" data-e-type=\"container\">\n\t\t\t\t<div class=\"elementor-element elementor-element-871850b elementor-widget elementor-widget-heading\" data-id=\"871850b\" data-element_type=\"widget\" data-e-type=\"widget\" data-widget_type=\"heading.default\">\n\t\t\t\t\t<h2 class=\"elementor-heading-title elementor-size-default\">Optimera din d\u00e4ckf\u00f6rvaring med Tyre Tower\u00ae<\/h2>\t\t\t\t<\/div>\n\t\t\t\t<div class=\"elementor-element elementor-element-1a863a5 elementor-widget elementor-widget-text-editor\" data-id=\"1a863a5\" data-element_type=\"widget\" data-e-type=\"widget\" data-widget_type=\"text-editor.default\">\n\t\t\t\t\t\t\t\t\t<p>Tyre Tower \u00e4r en finsk innovation som ger akt\u00f6rer inom bilbranschen ett effektivt, smidigt och s\u00e4kert s\u00e4tt att lagra d\u00e4ck. Systemet minskar behovet av g\u00e5rds- och golvyta och g\u00f6r det m\u00f6jligt att hitta och h\u00e4mta d\u00e4ckset 50 % snabbare \u00e4n med traditionella metoder.<\/p>\n\t\t\t\t\t\t\t\t<\/div>\n\t\t\t\t<div class=\"elementor-element elementor-element-fc8fceb elementor-widget elementor-widget-text-editor\" data-id=\"fc8fceb\" data-element_type=\"widget\" data-e-type=\"widget\" data-widget_type=\"text-editor.default\">\n\t\t\t\t\t\t\t\t\t<ul>\n<li>Genom att investera i ett Tyre Tower-system kan du avsev\u00e4rt \u00f6ka din oms\u00e4ttning genom att minska lagerytan, effektivisera personalresurser och tredubbla kapaciteten f\u00f6r f\u00f6rvarade d\u00e4ck.<\/li>\n<li>Bli en del av de \u00f6ver 160 n\u00f6jda kunderna i Finland som redan har implementerat Tyre Tower-l\u00f6sningen.<\/li>\n<li>Kontakta oss och be om en offert f\u00f6r att ta reda p\u00e5 hur Tyre Tower kan bli en del av din verksamhet.<\/li>\n<\/ul>\n\t\t\t\t\t\t\t\t<\/div>\n\t\t\t\t<div class=\"elementor-element elementor-element-8b4b0f7 elementor-widget elementor-widget-button\" data-id=\"8b4b0f7\" data-element_type=\"widget\" data-e-type=\"widget\" data-widget_type=\"button.default\">\n\t\t\t\t\t\t\t\t\t\t<a class=\"elementor-button elementor-button-link elementor-size-sm\" href=\"https:\/\/tyretower.fi\/sv\/kontakta-oss\/\">\n\t\t\t\t\t\t<span class=\"elementor-button-content-wrapper\">\n\t\t\t\t\t\t\t\t\t<span class=\"elementor-button-text\">H\u00f6r av dig och boka en demonstration.<\/span>\n\t\t\t\t\t<\/span>\n\t\t\t\t\t<\/a>\n\t\t\t\t\t\t\t\t<\/div>\n\t\t\t\t<\/div>\n\t\t<div class=\"elementor-element elementor-element-680f0fb e-con-full e-flex e-con e-child\" data-id=\"680f0fb\" data-element_type=\"container\" data-e-type=\"container\" data-settings=\"{&quot;background_background&quot;:&quot;classic&quot;}\">\n\t\t\t\t<div class=\"elementor-element elementor-element-d42c786 elementor-widget elementor-widget-heading\" data-id=\"d42c786\" data-element_type=\"widget\" data-e-type=\"widget\" data-widget_type=\"heading.default\">\n\t\t\t\t\t<h3 class=\"elementor-heading-title elementor-size-default\">Viktiga f\u00f6rdelar<\/h3>\t\t\t\t<\/div>\n\t\t\t\t<div class=\"elementor-element elementor-element-aef31c6 elementor-icon-list--layout-traditional elementor-list-item-link-full_width elementor-widget elementor-widget-icon-list\" data-id=\"aef31c6\" data-element_type=\"widget\" data-e-type=\"widget\" data-widget_type=\"icon-list.default\">\n\t\t\t\t\t\t\t<ul class=\"elementor-icon-list-items\">\n\t\t\t\t\t\t\t<li class=\"elementor-icon-list-item\">\n\t\t\t\t\t\t\t\t\t\t\t<span class=\"elementor-icon-list-icon\">\n\t\t\t\t\t\t\t<svg xmlns=\"http:\/\/www.w3.org\/2000\/svg\" id=\"a\" width=\"180.62mm\" height=\"180.62mm\" viewBox=\"0 0 511.99 511.99\"><path d=\"m494.77,252.86h-.01c-.22-.31-.45-.62-.74-.91L258.76,16.71c-2.21-2.21-5.8-2.21-8.01,0l-20.83,20.83c-2.21,2.21-2.21,5.8,0,8.01l190.05,190.05H21.94c-3.2,0-5.68,2.48-5.68,5.68v29.44c0,3.2,2.48,5.68,5.68,5.68h398.09l-190.05,190.05c-2.21,2.21-2.21,5.8,0,8.01l20.83,20.83c2.21,2.21,5.8,2.21,8.01,0l235.26-235.26c1.95-1.95,2.18-4.96.69-7.16Z\"><\/path><\/svg>\t\t\t\t\t\t<\/span>\n\t\t\t\t\t\t\t\t\t\t<span class=\"elementor-icon-list-text\"><b>Platsbesparing<\/b><br> D\u00e4cken f\u00f6rvaras ovanf\u00f6r golvniv\u00e5 eller utanf\u00f6r byggnaden, vilket frig\u00f6r v\u00e4rdefullt utrymme f\u00f6r andra \u00e4ndam\u00e5l.<\/span>\n\t\t\t\t\t\t\t\t\t<\/li>\n\t\t\t\t\t\t\t\t<li class=\"elementor-icon-list-item\">\n\t\t\t\t\t\t\t\t\t\t\t<span class=\"elementor-icon-list-icon\">\n\t\t\t\t\t\t\t<svg xmlns=\"http:\/\/www.w3.org\/2000\/svg\" id=\"a\" width=\"180.62mm\" height=\"180.62mm\" viewBox=\"0 0 511.99 511.99\"><path d=\"m494.77,252.86h-.01c-.22-.31-.45-.62-.74-.91L258.76,16.71c-2.21-2.21-5.8-2.21-8.01,0l-20.83,20.83c-2.21,2.21-2.21,5.8,0,8.01l190.05,190.05H21.94c-3.2,0-5.68,2.48-5.68,5.68v29.44c0,3.2,2.48,5.68,5.68,5.68h398.09l-190.05,190.05c-2.21,2.21-2.21,5.8,0,8.01l20.83,20.83c2.21,2.21,5.8,2.21,8.01,0l235.26-235.26c1.95-1.95,2.18-4.96.69-7.16Z\"><\/path><\/svg>\t\t\t\t\t\t<\/span>\n\t\t\t\t\t\t\t\t\t\t<span class=\"elementor-icon-list-text\"><b>Effektivitet<\/b><br> D\u00e4ckset kan h\u00e4mtas 50 % snabbare \u00e4n med traditionella lagringsmetoder, vilket f\u00f6rb\u00e4ttrar kundservicen och \u00f6kar kundn\u00f6jdheten.<\/span>\n\t\t\t\t\t\t\t\t\t<\/li>\n\t\t\t\t\t\t\t\t<li class=\"elementor-icon-list-item\">\n\t\t\t\t\t\t\t\t\t\t\t<span class=\"elementor-icon-list-icon\">\n\t\t\t\t\t\t\t<svg xmlns=\"http:\/\/www.w3.org\/2000\/svg\" id=\"a\" width=\"180.62mm\" height=\"180.62mm\" viewBox=\"0 0 511.99 511.99\"><path d=\"m494.77,252.86h-.01c-.22-.31-.45-.62-.74-.91L258.76,16.71c-2.21-2.21-5.8-2.21-8.01,0l-20.83,20.83c-2.21,2.21-2.21,5.8,0,8.01l190.05,190.05H21.94c-3.2,0-5.68,2.48-5.68,5.68v29.44c0,3.2,2.48,5.68,5.68,5.68h398.09l-190.05,190.05c-2.21,2.21-2.21,5.8,0,8.01l20.83,20.83c2.21,2.21,5.8,2.21,8.01,0l235.26-235.26c1.95-1.95,2.18-4.96.69-7.16Z\"><\/path><\/svg>\t\t\t\t\t\t<\/span>\n\t\t\t\t\t\t\t\t\t\t<span class=\"elementor-icon-list-text\"><b>Ergonomi och s\u00e4kerhet<\/b><br> Automatiserad hantering minskar behovet av manuell lyftning, minimerar risken f\u00f6r arbetsolyckor och f\u00f6rb\u00e4ttrar ergonomiska arbetsf\u00f6rh\u00e5llanden.<\/span>\n\t\t\t\t\t\t\t\t\t<\/li>\n\t\t\t\t\t\t\t\t<li class=\"elementor-icon-list-item\">\n\t\t\t\t\t\t\t\t\t\t\t<span class=\"elementor-icon-list-icon\">\n\t\t\t\t\t\t\t<svg xmlns=\"http:\/\/www.w3.org\/2000\/svg\" id=\"a\" width=\"180.62mm\" height=\"180.62mm\" viewBox=\"0 0 511.99 511.99\"><path d=\"m494.77,252.86h-.01c-.22-.31-.45-.62-.74-.91L258.76,16.71c-2.21-2.21-5.8-2.21-8.01,0l-20.83,20.83c-2.21,2.21-2.21,5.8,0,8.01l190.05,190.05H21.94c-3.2,0-5.68,2.48-5.68,5.68v29.44c0,3.2,2.48,5.68,5.68,5.68h398.09l-190.05,190.05c-2.21,2.21-2.21,5.8,0,8.01l20.83,20.83c2.21,2.21,5.8,2.21,8.01,0l235.26-235.26c1.95-1.95,2.18-4.96.69-7.16Z\"><\/path><\/svg>\t\t\t\t\t\t<\/span>\n\t\t\t\t\t\t\t\t\t\t<span class=\"elementor-icon-list-text\"><b>Kostnadsbesparingar<\/b><br> Genom att frig\u00f6ra lagerpersonal till kundservice och minska transportkostnader kan du dubbla f\u00f6rs\u00e4ljningen med samma resurser.<\/span>\n\t\t\t\t\t\t\t\t\t<\/li>\n\t\t\t\t\t\t\t\t<li class=\"elementor-icon-list-item\">\n\t\t\t\t\t\t\t\t\t\t\t<span class=\"elementor-icon-list-icon\">\n\t\t\t\t\t\t\t<svg xmlns=\"http:\/\/www.w3.org\/2000\/svg\" id=\"a\" width=\"180.62mm\" height=\"180.62mm\" viewBox=\"0 0 511.99 511.99\"><path d=\"m494.77,252.86h-.01c-.22-.31-.45-.62-.74-.91L258.76,16.71c-2.21-2.21-5.8-2.21-8.01,0l-20.83,20.83c-2.21,2.21-2.21,5.8,0,8.01l190.05,190.05H21.94c-3.2,0-5.68,2.48-5.68,5.68v29.44c0,3.2,2.48,5.68,5.68,5.68h398.09l-190.05,190.05c-2.21,2.21-2.21,5.8,0,8.01l20.83,20.83c2.21,2.21,5.8,2.21,8.01,0l235.26-235.26c1.95-1.95,2.18-4.96.69-7.16Z\"><\/path><\/svg>\t\t\t\t\t\t<\/span>\n\t\t\t\t\t\t\t\t\t\t<span class=\"elementor-icon-list-text\"><b>Flexibel installation<\/b><br> Tyre Tower kan installeras b\u00e5de inomhus och utomhus, och \u00e4r snabbt redo att anv\u00e4ndas utan omfattande byggprojekt.<\/span>\n\t\t\t\t\t\t\t\t\t<\/li>\n\t\t\t\t\t\t<\/ul>\n\t\t\t\t\t\t<\/div>\n\t\t\t\t<\/div>\n\t\t\t\t\t<\/div>\n\t\t\t\t<\/div>\n\t\t<div class=\"elementor-element elementor-element-4b42e18 e-flex e-con-boxed e-con e-parent\" data-id=\"4b42e18\" data-element_type=\"container\" data-e-type=\"container\" data-settings=\"{&quot;background_background&quot;:&quot;classic&quot;}\">\n\t\t\t\t\t<div class=\"e-con-inner\">\n\t\t<div class=\"elementor-element elementor-element-e764375 e-con-full e-flex e-con e-child\" data-id=\"e764375\" data-element_type=\"container\" data-e-type=\"container\" data-settings=\"{&quot;background_background&quot;:&quot;classic&quot;}\">\n\t\t<div class=\"elementor-element elementor-element-e218229 e-con-full e-flex e-con e-child\" data-id=\"e218229\" data-element_type=\"container\" data-e-type=\"container\">\n\t\t\t\t<div class=\"elementor-element elementor-element-2f2b425 elementor-icon-list--layout-traditional elementor-list-item-link-full_width elementor-widget elementor-widget-icon-list\" data-id=\"2f2b425\" data-element_type=\"widget\" data-e-type=\"widget\" data-widget_type=\"icon-list.default\">\n\t\t\t\t\t\t\t<ul class=\"elementor-icon-list-items\">\n\t\t\t\t\t\t\t<li class=\"elementor-icon-list-item\">\n\t\t\t\t\t\t\t\t\t\t\t<span class=\"elementor-icon-list-icon\">\n\t\t\t\t\t\t\t<svg xmlns=\"http:\/\/www.w3.org\/2000\/svg\" id=\"a\" width=\"256\" height=\"256\" viewBox=\"0 0 256 256\"><path d=\"M64,0H0C0,70.69,57.31,128,128,128v-64C92.65,64,64,35.35,64,0Z\"><\/path><path d=\"M192,0h-64c0,70.69,57.31,128,128,128v-64C220.65,64,192,35.35,192,0Z\"><\/path><path d=\"M64,128H0C0,198.69,57.31,256,128,256v-64c-35.35,0-64-28.65-64-64Z\"><\/path><path d=\"M192,128h-64c0,70.69,57.31,128,128,128v-64c-35.35,0-64-28.65-64-64Z\"><\/path><\/svg>\t\t\t\t\t\t<\/span>\n\t\t\t\t\t\t\t\t\t\t<span class=\"elementor-icon-list-text\">Genom att investera i ett Tyre Tower-system kunde vi avsev\u00e4rt \u00f6ka v\u00e5r oms\u00e4ttning, minska lagerytan utan att anst\u00e4lla fler och samtidigt tredubbla kapaciteten f\u00f6r f\u00f6rvarade d\u00e4ck.<\/span>\n\t\t\t\t\t\t\t\t\t<\/li>\n\t\t\t\t\t\t<\/ul>\n\t\t\t\t\t\t<\/div>\n\t\t\t\t<div class=\"elementor-element elementor-element-2ced4fc sepa elementor-widget elementor-widget-heading\" data-id=\"2ced4fc\" data-element_type=\"widget\" data-e-type=\"widget\" data-widget_type=\"heading.default\">\n\t\t\t\t\t<p class=\"elementor-heading-title elementor-size-default\">Nummelan Rengasmyynti <span>\/<\/span> Jari Silfverberg<\/p>\t\t\t\t<\/div>\n\t\t\t\t<\/div>\n\t\t\t\t<\/div>\n\t\t\t\t\t<\/div>\n\t\t\t\t<\/div>\n\t\t\t\t<\/div>\n\t\t","protected":false},"excerpt":{"rendered":"<p>Tyre Tower \u2013 Skalbar d\u00e4ckf\u00f6rvaring f\u00f6r alla akt\u00f6rer, fr\u00e5n sm\u00e5 verkst\u00e4der till stora logistikcenter Optimera din d\u00e4ckf\u00f6rvaring med Tyre Tower\u00ae Tyre Tower \u00e4r en finsk innovation som ger akt\u00f6rer inom bilbranschen ett effektivt, smidigt och s\u00e4kert s\u00e4tt att lagra d\u00e4ck. Systemet minskar behovet av g\u00e5rds- och golvyta och g\u00f6r det m\u00f6jligt att hitta och h\u00e4mta [&hellip;]<\/p>\n","protected":false},"author":1,"featured_media":0,"parent":0,"menu_order":15,"comment_status":"closed","ping_status":"open","template":"","meta":{"footnotes":""},"class_list":["post-986","page","type-page","status-publish","hentry"],"_links":{"self":[{"href":"https:\/\/tyretower.fi\/sv\/wp-json\/wp\/v2\/pages\/986","targetHints":{"allow":["GET"]}}],"collection":[{"href":"https:\/\/tyretower.fi\/sv\/wp-json\/wp\/v2\/pages"}],"about":[{"href":"https:\/\/tyretower.fi\/sv\/wp-json\/wp\/v2\/types\/page"}],"author":[{"embeddable":true,"href":"https:\/\/tyretower.fi\/sv\/wp-json\/wp\/v2\/users\/1"}],"replies":[{"embeddable":true,"href":"https:\/\/tyretower.fi\/sv\/wp-json\/wp\/v2\/comments?post=986"}],"version-history":[{"count":3,"href":"https:\/\/tyretower.fi\/sv\/wp-json\/wp\/v2\/pages\/986\/revisions"}],"predecessor-version":[{"id":1199,"href":"https:\/\/tyretower.fi\/sv\/wp-json\/wp\/v2\/pages\/986\/revisions\/1199"}],"wp:attachment":[{"href":"https:\/\/tyretower.fi\/sv\/wp-json\/wp\/v2\/media?parent=986"}],"curies":[{"name":"wp","href":"https:\/\/api.w.org\/{rel}","templated":true}]}}