{"id":995,"date":"2025-02-07T12:10:22","date_gmt":"2025-02-07T10:10:22","guid":{"rendered":"https:\/\/tyretower.fi\/offentlig-sektor\/"},"modified":"2025-03-18T12:57:05","modified_gmt":"2025-03-18T10:57:05","slug":"offentlig-sektor","status":"publish","type":"page","link":"https:\/\/tyretower.fi\/no\/offentlig-sektor\/","title":{"rendered":"Offentlig sektor"},"content":{"rendered":"\t\t<div data-elementor-type=\"wp-page\" data-elementor-id=\"995\" class=\"elementor elementor-995 elementor-687\" data-elementor-post-type=\"page\">\n\t\t\t\t<div class=\"elementor-element elementor-element-09aac9e parallax-container e-flex e-con-boxed e-con e-parent\" data-id=\"09aac9e\" data-element_type=\"container\" data-e-type=\"container\" data-settings=\"{&quot;background_background&quot;:&quot;classic&quot;}\">\n\t\t\t\t\t<div class=\"e-con-inner\">\n\t\t<div class=\"elementor-element elementor-element-d1aad9c e-con-full e-flex e-con e-child\" data-id=\"d1aad9c\" data-element_type=\"container\" data-e-type=\"container\">\n\t\t\t\t<div class=\"elementor-element elementor-element-8a5086a elementor-widget__width-inherit elementor-widget elementor-widget-heading\" data-id=\"8a5086a\" data-element_type=\"widget\" data-e-type=\"widget\" data-widget_type=\"heading.default\">\n\t\t\t\t\t<h1 class=\"elementor-heading-title elementor-size-default\">Offentlig sektor<\/h1>\t\t\t\t<\/div>\n\t\t\t\t<div class=\"elementor-element elementor-element-9fcd4d8 elementor-widget__width-inherit elementor-widget elementor-widget-text-editor\" data-id=\"9fcd4d8\" data-element_type=\"widget\" data-e-type=\"widget\" data-widget_type=\"text-editor.default\">\n\t\t\t\t\t\t\t\t\t<p>Tyre Tower \u2013 Skalerbar dekkoppbevaring for alle akt\u00f8rer, fra sm\u00e5 verksteder til store logistikksentre<\/p>\n\t\t\t\t\t\t\t\t<\/div>\n\t\t\t\t<\/div>\n\t\t\t\t\t<\/div>\n\t\t\t\t<\/div>\n\t\t<div class=\"elementor-element elementor-element-a83edee e-flex e-con-boxed e-con e-parent\" data-id=\"a83edee\" data-element_type=\"container\" data-e-type=\"container\">\n\t\t\t\t\t<div class=\"e-con-inner\">\n\t\t<div class=\"elementor-element elementor-element-70eb72a e-con-full e-flex e-con e-child\" data-id=\"70eb72a\" data-element_type=\"container\" data-e-type=\"container\">\n\t\t\t\t<div class=\"elementor-element elementor-element-16dcb19 elementor-widget elementor-widget-heading\" data-id=\"16dcb19\" data-element_type=\"widget\" data-e-type=\"widget\" data-widget_type=\"heading.default\">\n\t\t\t\t\t<h2 class=\"elementor-heading-title elementor-size-default\">Effektiv og sikker dekkoppbevaring for alle bransjer<\/h2>\t\t\t\t<\/div>\n\t\t\t\t<div class=\"elementor-element elementor-element-b9bb97b elementor-widget elementor-widget-text-editor\" data-id=\"b9bb97b\" data-element_type=\"widget\" data-e-type=\"widget\" data-widget_type=\"text-editor.default\">\n\t\t\t\t\t\t\t\t\t<p>V\u00e5r norske innovasjon gir betydelige fordeler for offentlige akt\u00f8rer som brannvesen, politi, forsvaret og kommunale vedlikeholdsenheter.<\/p>\n<p>Det automatiserte dekksystemet kan installeres b\u00e5de utend\u00f8rs og innend\u00f8rs, noe som gir stor fleksibilitet for ulike anlegg og driftsmilj\u00f8er.<\/p>\n\t\t\t\t\t\t\t\t<\/div>\n\t\t\t\t<div class=\"elementor-element elementor-element-b002f3d elementor-icon-list--layout-traditional elementor-list-item-link-full_width elementor-widget elementor-widget-icon-list\" data-id=\"b002f3d\" data-element_type=\"widget\" data-e-type=\"widget\" data-widget_type=\"icon-list.default\">\n\t\t\t\t\t\t\t<ul class=\"elementor-icon-list-items\">\n\t\t\t\t\t\t\t<li class=\"elementor-icon-list-item\">\n\t\t\t\t\t\t\t\t\t\t\t<span class=\"elementor-icon-list-icon\">\n\t\t\t\t\t\t\t<svg xmlns=\"http:\/\/www.w3.org\/2000\/svg\" id=\"a\" width=\"180.62mm\" height=\"180.62mm\" viewBox=\"0 0 511.99 511.99\"><path d=\"m494.77,252.86h-.01c-.22-.31-.45-.62-.74-.91L258.76,16.71c-2.21-2.21-5.8-2.21-8.01,0l-20.83,20.83c-2.21,2.21-2.21,5.8,0,8.01l190.05,190.05H21.94c-3.2,0-5.68,2.48-5.68,5.68v29.44c0,3.2,2.48,5.68,5.68,5.68h398.09l-190.05,190.05c-2.21,2.21-2.21,5.8,0,8.01l20.83,20.83c2.21,2.21,5.8,2.21,8.01,0l235.26-235.26c1.95-1.95,2.18-4.96.69-7.16Z\"><\/path><\/svg>\t\t\t\t\t\t<\/span>\n\t\t\t\t\t\t\t\t\t\t<span class=\"elementor-icon-list-text\">\u00d8kt effektivitet og bedre logistikk \u2013 raskere tilgang til dekk og enklere dekkskift i operative situasjoner.<\/span>\n\t\t\t\t\t\t\t\t\t<\/li>\n\t\t\t\t\t\t\t\t<li class=\"elementor-icon-list-item\">\n\t\t\t\t\t\t\t\t\t\t\t<span class=\"elementor-icon-list-icon\">\n\t\t\t\t\t\t\t<svg xmlns=\"http:\/\/www.w3.org\/2000\/svg\" id=\"a\" width=\"180.62mm\" height=\"180.62mm\" viewBox=\"0 0 511.99 511.99\"><path d=\"m494.77,252.86h-.01c-.22-.31-.45-.62-.74-.91L258.76,16.71c-2.21-2.21-5.8-2.21-8.01,0l-20.83,20.83c-2.21,2.21-2.21,5.8,0,8.01l190.05,190.05H21.94c-3.2,0-5.68,2.48-5.68,5.68v29.44c0,3.2,2.48,5.68,5.68,5.68h398.09l-190.05,190.05c-2.21,2.21-2.21,5.8,0,8.01l20.83,20.83c2.21,2.21,5.8,2.21,8.01,0l235.26-235.26c1.95-1.95,2.18-4.96.69-7.16Z\"><\/path><\/svg>\t\t\t\t\t\t<\/span>\n\t\t\t\t\t\t\t\t\t\t<span class=\"elementor-icon-list-text\">Rask og systematisk dekkh\u00e5ndtering \u2013 reduserer vedlikeholdstiden og minimerer kj\u00f8ret\u00f8yenes nedetid.<\/span>\n\t\t\t\t\t\t\t\t\t<\/li>\n\t\t\t\t\t\t\t\t<li class=\"elementor-icon-list-item\">\n\t\t\t\t\t\t\t\t\t\t\t<span class=\"elementor-icon-list-icon\">\n\t\t\t\t\t\t\t<svg xmlns=\"http:\/\/www.w3.org\/2000\/svg\" id=\"a\" width=\"180.62mm\" height=\"180.62mm\" viewBox=\"0 0 511.99 511.99\"><path d=\"m494.77,252.86h-.01c-.22-.31-.45-.62-.74-.91L258.76,16.71c-2.21-2.21-5.8-2.21-8.01,0l-20.83,20.83c-2.21,2.21-2.21,5.8,0,8.01l190.05,190.05H21.94c-3.2,0-5.68,2.48-5.68,5.68v29.44c0,3.2,2.48,5.68,5.68,5.68h398.09l-190.05,190.05c-2.21,2.21-2.21,5.8,0,8.01l20.83,20.83c2.21,2.21,5.8,2.21,8.01,0l235.26-235.26c1.95-1.95,2.18-4.96.69-7.16Z\"><\/path><\/svg>\t\t\t\t\t\t<\/span>\n\t\t\t\t\t\t\t\t\t\t<span class=\"elementor-icon-list-text\">Fleksibel installasjon \u2013 kan plasseres b\u00e5de inne og ute, tilpasset ulike verksteder og driftsomr\u00e5der.<\/span>\n\t\t\t\t\t\t\t\t\t<\/li>\n\t\t\t\t\t\t\t\t<li class=\"elementor-icon-list-item\">\n\t\t\t\t\t\t\t\t\t\t\t<span class=\"elementor-icon-list-icon\">\n\t\t\t\t\t\t\t<svg xmlns=\"http:\/\/www.w3.org\/2000\/svg\" id=\"a\" width=\"180.62mm\" height=\"180.62mm\" viewBox=\"0 0 511.99 511.99\"><path d=\"m494.77,252.86h-.01c-.22-.31-.45-.62-.74-.91L258.76,16.71c-2.21-2.21-5.8-2.21-8.01,0l-20.83,20.83c-2.21,2.21-2.21,5.8,0,8.01l190.05,190.05H21.94c-3.2,0-5.68,2.48-5.68,5.68v29.44c0,3.2,2.48,5.68,5.68,5.68h398.09l-190.05,190.05c-2.21,2.21-2.21,5.8,0,8.01l20.83,20.83c2.21,2.21,5.8,2.21,8.01,0l235.26-235.26c1.95-1.95,2.18-4.96.69-7.16Z\"><\/path><\/svg>\t\t\t\t\t\t<\/span>\n\t\t\t\t\t\t\t\t\t\t<span class=\"elementor-icon-list-text\">Forbedret arbeidssikkerhet og ergonomi \u2013 reduserer arbeidsulykker og belastningsskader.<\/span>\n\t\t\t\t\t\t\t\t\t<\/li>\n\t\t\t\t\t\t\t\t<li class=\"elementor-icon-list-item\">\n\t\t\t\t\t\t\t\t\t\t\t<span class=\"elementor-icon-list-icon\">\n\t\t\t\t\t\t\t<svg xmlns=\"http:\/\/www.w3.org\/2000\/svg\" id=\"a\" width=\"180.62mm\" height=\"180.62mm\" viewBox=\"0 0 511.99 511.99\"><path d=\"m494.77,252.86h-.01c-.22-.31-.45-.62-.74-.91L258.76,16.71c-2.21-2.21-5.8-2.21-8.01,0l-20.83,20.83c-2.21,2.21-2.21,5.8,0,8.01l190.05,190.05H21.94c-3.2,0-5.68,2.48-5.68,5.68v29.44c0,3.2,2.48,5.68,5.68,5.68h398.09l-190.05,190.05c-2.21,2.21-2.21,5.8,0,8.01l20.83,20.83c2.21,2.21,5.8,2.21,8.01,0l235.26-235.26c1.95-1.95,2.18-4.96.69-7.16Z\"><\/path><\/svg>\t\t\t\t\t\t<\/span>\n\t\t\t\t\t\t\t\t\t\t<span class=\"elementor-icon-list-text\">Sparer opptil 50 % lagerplass \u2013 optimaliserer arealbruk i trange verksteder og brannstasjoner.<\/span>\n\t\t\t\t\t\t\t\t\t<\/li>\n\t\t\t\t\t\t<\/ul>\n\t\t\t\t\t\t<\/div>\n\t\t\t\t<\/div>\n\t\t<div class=\"elementor-element elementor-element-f1fb530 e-con-full e-flex e-con e-child\" data-id=\"f1fb530\" data-element_type=\"container\" data-e-type=\"container\" data-settings=\"{&quot;background_background&quot;:&quot;classic&quot;}\">\n\t\t\t\t<div class=\"elementor-element elementor-element-cc08d3e elementor-widget elementor-widget-heading\" data-id=\"cc08d3e\" data-element_type=\"widget\" data-e-type=\"widget\" data-widget_type=\"heading.default\">\n\t\t\t\t\t<h3 class=\"elementor-heading-title elementor-size-default\">Tyre Tower\u00ae passer for:<\/h3>\t\t\t\t<\/div>\n\t\t\t\t<div class=\"elementor-element elementor-element-d69df86 elementor-widget elementor-widget-text-editor\" data-id=\"d69df86\" data-element_type=\"widget\" data-e-type=\"widget\" data-widget_type=\"text-editor.default\">\n\t\t\t\t\t\t\t\t\t<p><b>Byer og kommuner<\/b><br \/>\nEffektiv l\u00f8sning for dekkoppbevaring i trafikkenheter, vei- og renholdstjenester samt servicebiler.<\/p>\n<p><b>Brannvesen og politi<\/b><br \/>\nRaskere dekkskift og optimal plassutnyttelse i verksteder der rask tilgang til dekk er kritisk.<\/p>\n<p><b>Forsvaret og grensevakten<\/b><br \/>\nIdeell for milit\u00e6re fasiliteter og store kj\u00f8ret\u00f8ysfl\u00e5ter der kontinuerlig dekkvedlikehold er n\u00f8dvendig.<\/p>\n\t\t\t\t\t\t\t\t<\/div>\n\t\t\t\t<div class=\"elementor-element elementor-element-106b91f elementor-widget elementor-widget-button\" data-id=\"106b91f\" data-element_type=\"widget\" data-e-type=\"widget\" data-widget_type=\"button.default\">\n\t\t\t\t\t\t\t\t\t\t<a class=\"elementor-button elementor-button-link elementor-size-sm\" href=\"https:\/\/tyretower.fi\/no\/kontakt-oss\/\">\n\t\t\t\t\t\t<span class=\"elementor-button-content-wrapper\">\n\t\t\t\t\t\t\t\t\t<span class=\"elementor-button-text\">Kontakt oss n\u00e5 og bestill en demonstrasjon<\/span>\n\t\t\t\t\t<\/span>\n\t\t\t\t\t<\/a>\n\t\t\t\t\t\t\t\t<\/div>\n\t\t\t\t<\/div>\n\t\t\t\t\t<\/div>\n\t\t\t\t<\/div>\n\t\t<div class=\"elementor-element elementor-element-2de0982 e-flex e-con-boxed e-con e-parent\" data-id=\"2de0982\" data-element_type=\"container\" data-e-type=\"container\" data-settings=\"{&quot;background_background&quot;:&quot;classic&quot;}\">\n\t\t\t\t\t<div class=\"e-con-inner\">\n\t\t<div class=\"elementor-element elementor-element-95d3d46 e-con-full e-flex e-con e-child\" data-id=\"95d3d46\" data-element_type=\"container\" data-e-type=\"container\" data-settings=\"{&quot;background_background&quot;:&quot;classic&quot;}\">\n\t\t<div class=\"elementor-element elementor-element-82f72e7 e-con-full e-flex e-con e-child\" data-id=\"82f72e7\" data-element_type=\"container\" data-e-type=\"container\">\n\t\t\t\t<div class=\"elementor-element elementor-element-123180c elementor-icon-list--layout-traditional elementor-list-item-link-full_width elementor-widget elementor-widget-icon-list\" data-id=\"123180c\" data-element_type=\"widget\" data-e-type=\"widget\" data-widget_type=\"icon-list.default\">\n\t\t\t\t\t\t\t<ul class=\"elementor-icon-list-items\">\n\t\t\t\t\t\t\t<li class=\"elementor-icon-list-item\">\n\t\t\t\t\t\t\t\t\t\t\t<span class=\"elementor-icon-list-icon\">\n\t\t\t\t\t\t\t<svg xmlns=\"http:\/\/www.w3.org\/2000\/svg\" id=\"a\" width=\"256\" height=\"256\" viewBox=\"0 0 256 256\"><path d=\"M64,0H0C0,70.69,57.31,128,128,128v-64C92.65,64,64,35.35,64,0Z\"><\/path><path d=\"M192,0h-64c0,70.69,57.31,128,128,128v-64C220.65,64,192,35.35,192,0Z\"><\/path><path d=\"M64,128H0C0,198.69,57.31,256,128,256v-64c-35.35,0-64-28.65-64-64Z\"><\/path><path d=\"M192,128h-64c0,70.69,57.31,128,128,128v-64c-35.35,0-64-28.65-64-64Z\"><\/path><\/svg>\t\t\t\t\t\t<\/span>\n\t\t\t\t\t\t\t\t\t\t<span class=\"elementor-icon-list-text\">Ved \u00e5 investere i et Tyre Tower-system kunne vi \u00f8ke omsetningen betraktelig, redusere lagerplassen uten \u00e5 ansette flere ansatte, og samtidig tredoble kapasiteten for lagrede dekk.<\/span>\n\t\t\t\t\t\t\t\t\t<\/li>\n\t\t\t\t\t\t<\/ul>\n\t\t\t\t\t\t<\/div>\n\t\t\t\t<div class=\"elementor-element elementor-element-2541694 sepa elementor-widget elementor-widget-heading\" data-id=\"2541694\" data-element_type=\"widget\" data-e-type=\"widget\" data-widget_type=\"heading.default\">\n\t\t\t\t\t<p class=\"elementor-heading-title elementor-size-default\">Nummelan Rengasmyynti <span>\/<\/span> Jari Silfverberg<\/p>\t\t\t\t<\/div>\n\t\t\t\t<\/div>\n\t\t\t\t<\/div>\n\t\t\t\t\t<\/div>\n\t\t\t\t<\/div>\n\t\t\t\t<\/div>\n\t\t","protected":false},"excerpt":{"rendered":"<p>Tyre Tower \u2013 Skalerbar dekkoppbevaring for alle akt\u00f8rer, fra sm\u00e5 verksteder til store logistikksentre Effektiv og sikker dekkoppbevaring for alle bransjer V\u00e5r norske innovasjon gir betydelige fordeler for offentlige akt\u00f8rer som brannvesen, politi, forsvaret og kommunale vedlikeholdsenheter. Det automatiserte dekksystemet kan installeres b\u00e5de utend\u00f8rs og innend\u00f8rs, noe som gir stor fleksibilitet for ulike anlegg og [&hellip;]<\/p>\n","protected":false},"author":1,"featured_media":0,"parent":0,"menu_order":20,"comment_status":"closed","ping_status":"open","template":"","meta":{"footnotes":""},"class_list":["post-995","page","type-page","status-publish","hentry"],"_links":{"self":[{"href":"https:\/\/tyretower.fi\/no\/wp-json\/wp\/v2\/pages\/995","targetHints":{"allow":["GET"]}}],"collection":[{"href":"https:\/\/tyretower.fi\/no\/wp-json\/wp\/v2\/pages"}],"about":[{"href":"https:\/\/tyretower.fi\/no\/wp-json\/wp\/v2\/types\/page"}],"author":[{"embeddable":true,"href":"https:\/\/tyretower.fi\/no\/wp-json\/wp\/v2\/users\/1"}],"replies":[{"embeddable":true,"href":"https:\/\/tyretower.fi\/no\/wp-json\/wp\/v2\/comments?post=995"}],"version-history":[{"count":5,"href":"https:\/\/tyretower.fi\/no\/wp-json\/wp\/v2\/pages\/995\/revisions"}],"predecessor-version":[{"id":1202,"href":"https:\/\/tyretower.fi\/no\/wp-json\/wp\/v2\/pages\/995\/revisions\/1202"}],"wp:attachment":[{"href":"https:\/\/tyretower.fi\/no\/wp-json\/wp\/v2\/media?parent=995"}],"curies":[{"name":"wp","href":"https:\/\/api.w.org\/{rel}","templated":true}]}}