{"id":983,"date":"2025-02-07T12:44:28","date_gmt":"2025-02-07T10:44:28","guid":{"rendered":"https:\/\/tyretower.fi\/bil-og-dekkbransjen\/"},"modified":"2025-03-19T15:42:37","modified_gmt":"2025-03-19T13:42:37","slug":"bil-og-dekkbransjen","status":"publish","type":"page","link":"https:\/\/tyretower.fi\/no\/bil-og-dekkbransjen\/","title":{"rendered":"Bil- og dekkbransjen"},"content":{"rendered":"\t\t<div data-elementor-type=\"wp-page\" data-elementor-id=\"983\" class=\"elementor elementor-983 elementor-718\" data-elementor-post-type=\"page\">\n\t\t\t\t<div class=\"elementor-element elementor-element-e2856ed parallax-container e-flex e-con-boxed e-con e-parent\" data-id=\"e2856ed\" data-element_type=\"container\" data-e-type=\"container\" data-settings=\"{&quot;background_background&quot;:&quot;classic&quot;}\">\n\t\t\t\t\t<div class=\"e-con-inner\">\n\t\t<div class=\"elementor-element elementor-element-153b2f5 e-con-full e-flex e-con e-child\" data-id=\"153b2f5\" data-element_type=\"container\" data-e-type=\"container\">\n\t\t\t\t<div class=\"elementor-element elementor-element-2c995db elementor-widget__width-inherit elementor-widget elementor-widget-heading\" data-id=\"2c995db\" data-element_type=\"widget\" data-e-type=\"widget\" data-widget_type=\"heading.default\">\n\t\t\t\t\t<h1 class=\"elementor-heading-title elementor-size-default\">Bil- og dekkbransjen<\/h1>\t\t\t\t<\/div>\n\t\t\t\t<div class=\"elementor-element elementor-element-5a58ecc elementor-widget__width-inherit elementor-widget elementor-widget-text-editor\" data-id=\"5a58ecc\" data-element_type=\"widget\" data-e-type=\"widget\" data-widget_type=\"text-editor.default\">\n\t\t\t\t\t\t\t\t\t<p>Tyre Tower \u2013 Skalerbar dekkoppbevaring for alle akt\u00f8rer, fra sm\u00e5 verksteder til store logistikksentre<\/p>\n\t\t\t\t\t\t\t\t<\/div>\n\t\t\t\t<\/div>\n\t\t\t\t\t<\/div>\n\t\t\t\t<\/div>\n\t\t<div class=\"elementor-element elementor-element-6e3679f e-flex e-con-boxed e-con e-parent\" data-id=\"6e3679f\" data-element_type=\"container\" data-e-type=\"container\">\n\t\t\t\t\t<div class=\"e-con-inner\">\n\t\t<div class=\"elementor-element elementor-element-b7d3922 e-con-full e-flex e-con e-child\" data-id=\"b7d3922\" data-element_type=\"container\" data-e-type=\"container\">\n\t\t\t\t<div class=\"elementor-element elementor-element-871850b elementor-widget elementor-widget-heading\" data-id=\"871850b\" data-element_type=\"widget\" data-e-type=\"widget\" data-widget_type=\"heading.default\">\n\t\t\t\t\t<h2 class=\"elementor-heading-title elementor-size-default\">Optimaliser dekkoppbevaringen med Tyre Tower\u00ae<\/h2>\t\t\t\t<\/div>\n\t\t\t\t<div class=\"elementor-element elementor-element-1a863a5 elementor-widget elementor-widget-text-editor\" data-id=\"1a863a5\" data-element_type=\"widget\" data-e-type=\"widget\" data-widget_type=\"text-editor.default\">\n\t\t\t\t\t\t\t\t\t<p>Tyre Tower er en finsk innovasjon som gir akt\u00f8rer i bilbransjen en effektiv, funksjonell og sikker m\u00e5te \u00e5 lagre dekk p\u00e5. Systemet reduserer behovet for g\u00e5rds- eller gulvplass og gj\u00f8r det mulig \u00e5 finne og hente dekksett 50 % raskere enn med tradisjonelle metoder.<\/p>\n\t\t\t\t\t\t\t\t<\/div>\n\t\t\t\t<div class=\"elementor-element elementor-element-fc8fceb elementor-widget elementor-widget-text-editor\" data-id=\"fc8fceb\" data-element_type=\"widget\" data-e-type=\"widget\" data-widget_type=\"text-editor.default\">\n\t\t\t\t\t\t\t\t\t<ul>\n<li>Ved \u00e5 investere i et Tyre Tower-system kan du \u00f8ke omsetningen betraktelig ved \u00e5 redusere lagerplassen, effektivisere personalressurser og tredoble kapasiteten for lagrede dekk.<\/li>\n<li>Bli med over 160 forn\u00f8yde kunder i Finland som allerede har implementert Tyre Tower-l\u00f8sningen.<\/li>\n<li>Ta kontakt og be om et tilbud for \u00e5 finne ut hvordan Tyre Tower kan bli en del av din virksomhet<\/li>\n<\/ul>\n\t\t\t\t\t\t\t\t<\/div>\n\t\t\t\t<div class=\"elementor-element elementor-element-8b4b0f7 elementor-widget elementor-widget-button\" data-id=\"8b4b0f7\" data-element_type=\"widget\" data-e-type=\"widget\" data-widget_type=\"button.default\">\n\t\t\t\t\t\t\t\t\t\t<a class=\"elementor-button elementor-button-link elementor-size-sm\" href=\"https:\/\/tyretower.fi\/no\/kontakt-oss\/\">\n\t\t\t\t\t\t<span class=\"elementor-button-content-wrapper\">\n\t\t\t\t\t\t\t\t\t<span class=\"elementor-button-text\">Kontakt oss n\u00e5 og bestill en demonstrasjon<\/span>\n\t\t\t\t\t<\/span>\n\t\t\t\t\t<\/a>\n\t\t\t\t\t\t\t\t<\/div>\n\t\t\t\t<\/div>\n\t\t<div class=\"elementor-element elementor-element-680f0fb e-con-full e-flex e-con e-child\" data-id=\"680f0fb\" data-element_type=\"container\" data-e-type=\"container\" data-settings=\"{&quot;background_background&quot;:&quot;classic&quot;}\">\n\t\t\t\t<div class=\"elementor-element elementor-element-d42c786 elementor-widget elementor-widget-heading\" data-id=\"d42c786\" data-element_type=\"widget\" data-e-type=\"widget\" data-widget_type=\"heading.default\">\n\t\t\t\t\t<h3 class=\"elementor-heading-title elementor-size-default\">Viktige fordeler<\/h3>\t\t\t\t<\/div>\n\t\t\t\t<div class=\"elementor-element elementor-element-aef31c6 elementor-icon-list--layout-traditional elementor-list-item-link-full_width elementor-widget elementor-widget-icon-list\" data-id=\"aef31c6\" data-element_type=\"widget\" data-e-type=\"widget\" data-widget_type=\"icon-list.default\">\n\t\t\t\t\t\t\t<ul class=\"elementor-icon-list-items\">\n\t\t\t\t\t\t\t<li class=\"elementor-icon-list-item\">\n\t\t\t\t\t\t\t\t\t\t\t<span class=\"elementor-icon-list-icon\">\n\t\t\t\t\t\t\t<svg xmlns=\"http:\/\/www.w3.org\/2000\/svg\" id=\"a\" width=\"180.62mm\" height=\"180.62mm\" viewBox=\"0 0 511.99 511.99\"><path d=\"m494.77,252.86h-.01c-.22-.31-.45-.62-.74-.91L258.76,16.71c-2.21-2.21-5.8-2.21-8.01,0l-20.83,20.83c-2.21,2.21-2.21,5.8,0,8.01l190.05,190.05H21.94c-3.2,0-5.68,2.48-5.68,5.68v29.44c0,3.2,2.48,5.68,5.68,5.68h398.09l-190.05,190.05c-2.21,2.21-2.21,5.8,0,8.01l20.83,20.83c2.21,2.21,5.8,2.21,8.01,0l235.26-235.26c1.95-1.95,2.18-4.96.69-7.16Z\"><\/path><\/svg>\t\t\t\t\t\t<\/span>\n\t\t\t\t\t\t\t\t\t\t<span class=\"elementor-icon-list-text\"><b>Plassbesparelse<\/b><br> Dekkene lagres over gulvniv\u00e5 eller utenfor bygningen, noe som frigj\u00f8r verdifull plass til andre form\u00e5l.<\/span>\n\t\t\t\t\t\t\t\t\t<\/li>\n\t\t\t\t\t\t\t\t<li class=\"elementor-icon-list-item\">\n\t\t\t\t\t\t\t\t\t\t\t<span class=\"elementor-icon-list-icon\">\n\t\t\t\t\t\t\t<svg xmlns=\"http:\/\/www.w3.org\/2000\/svg\" id=\"a\" width=\"180.62mm\" height=\"180.62mm\" viewBox=\"0 0 511.99 511.99\"><path d=\"m494.77,252.86h-.01c-.22-.31-.45-.62-.74-.91L258.76,16.71c-2.21-2.21-5.8-2.21-8.01,0l-20.83,20.83c-2.21,2.21-2.21,5.8,0,8.01l190.05,190.05H21.94c-3.2,0-5.68,2.48-5.68,5.68v29.44c0,3.2,2.48,5.68,5.68,5.68h398.09l-190.05,190.05c-2.21,2.21-2.21,5.8,0,8.01l20.83,20.83c2.21,2.21,5.8,2.21,8.01,0l235.26-235.26c1.95-1.95,2.18-4.96.69-7.16Z\"><\/path><\/svg>\t\t\t\t\t\t<\/span>\n\t\t\t\t\t\t\t\t\t\t<span class=\"elementor-icon-list-text\"><b>Effektivitet<\/b><br> Dekksett kan hentes 50 % raskere enn med tradisjonelle lagringsmetoder, noe som forbedrer kundeservice og \u00f8ker kundetilfredsheten.<\/span>\n\t\t\t\t\t\t\t\t\t<\/li>\n\t\t\t\t\t\t\t\t<li class=\"elementor-icon-list-item\">\n\t\t\t\t\t\t\t\t\t\t\t<span class=\"elementor-icon-list-icon\">\n\t\t\t\t\t\t\t<svg xmlns=\"http:\/\/www.w3.org\/2000\/svg\" id=\"a\" width=\"180.62mm\" height=\"180.62mm\" viewBox=\"0 0 511.99 511.99\"><path d=\"m494.77,252.86h-.01c-.22-.31-.45-.62-.74-.91L258.76,16.71c-2.21-2.21-5.8-2.21-8.01,0l-20.83,20.83c-2.21,2.21-2.21,5.8,0,8.01l190.05,190.05H21.94c-3.2,0-5.68,2.48-5.68,5.68v29.44c0,3.2,2.48,5.68,5.68,5.68h398.09l-190.05,190.05c-2.21,2.21-2.21,5.8,0,8.01l20.83,20.83c2.21,2.21,5.8,2.21,8.01,0l235.26-235.26c1.95-1.95,2.18-4.96.69-7.16Z\"><\/path><\/svg>\t\t\t\t\t\t<\/span>\n\t\t\t\t\t\t\t\t\t\t<span class=\"elementor-icon-list-text\"><b>Ergonomi og sikkerhet<\/b><br> Automatisert h\u00e5ndtering reduserer behovet for manuell l\u00f8fting, minimerer risikoen for arbeidsulykker og forbedrer ergonomiske arbeidsforhold.<\/span>\n\t\t\t\t\t\t\t\t\t<\/li>\n\t\t\t\t\t\t\t\t<li class=\"elementor-icon-list-item\">\n\t\t\t\t\t\t\t\t\t\t\t<span class=\"elementor-icon-list-icon\">\n\t\t\t\t\t\t\t<svg xmlns=\"http:\/\/www.w3.org\/2000\/svg\" id=\"a\" width=\"180.62mm\" height=\"180.62mm\" viewBox=\"0 0 511.99 511.99\"><path d=\"m494.77,252.86h-.01c-.22-.31-.45-.62-.74-.91L258.76,16.71c-2.21-2.21-5.8-2.21-8.01,0l-20.83,20.83c-2.21,2.21-2.21,5.8,0,8.01l190.05,190.05H21.94c-3.2,0-5.68,2.48-5.68,5.68v29.44c0,3.2,2.48,5.68,5.68,5.68h398.09l-190.05,190.05c-2.21,2.21-2.21,5.8,0,8.01l20.83,20.83c2.21,2.21,5.8,2.21,8.01,0l235.26-235.26c1.95-1.95,2.18-4.96.69-7.16Z\"><\/path><\/svg>\t\t\t\t\t\t<\/span>\n\t\t\t\t\t\t\t\t\t\t<span class=\"elementor-icon-list-text\"><b>Kostnadsbesparelser<\/b><br> Ved \u00e5 frigj\u00f8re lagerpersonell til kundeservice og redusere transportkostnader kan du doble salget med de samme ressursene.<\/span>\n\t\t\t\t\t\t\t\t\t<\/li>\n\t\t\t\t\t\t\t\t<li class=\"elementor-icon-list-item\">\n\t\t\t\t\t\t\t\t\t\t\t<span class=\"elementor-icon-list-icon\">\n\t\t\t\t\t\t\t<svg xmlns=\"http:\/\/www.w3.org\/2000\/svg\" id=\"a\" width=\"180.62mm\" height=\"180.62mm\" viewBox=\"0 0 511.99 511.99\"><path d=\"m494.77,252.86h-.01c-.22-.31-.45-.62-.74-.91L258.76,16.71c-2.21-2.21-5.8-2.21-8.01,0l-20.83,20.83c-2.21,2.21-2.21,5.8,0,8.01l190.05,190.05H21.94c-3.2,0-5.68,2.48-5.68,5.68v29.44c0,3.2,2.48,5.68,5.68,5.68h398.09l-190.05,190.05c-2.21,2.21-2.21,5.8,0,8.01l20.83,20.83c2.21,2.21,5.8,2.21,8.01,0l235.26-235.26c1.95-1.95,2.18-4.96.69-7.16Z\"><\/path><\/svg>\t\t\t\t\t\t<\/span>\n\t\t\t\t\t\t\t\t\t\t<span class=\"elementor-icon-list-text\"><b>Fleksibel installasjon<\/b><br> Tyre Tower kan installeres b\u00e5de innend\u00f8rs og utend\u00f8rs, og er hurtig klar til bruk uten omfattende byggearbeid.<\/span>\n\t\t\t\t\t\t\t\t\t<\/li>\n\t\t\t\t\t\t<\/ul>\n\t\t\t\t\t\t<\/div>\n\t\t\t\t<\/div>\n\t\t\t\t\t<\/div>\n\t\t\t\t<\/div>\n\t\t<div class=\"elementor-element elementor-element-4b42e18 e-flex e-con-boxed e-con e-parent\" data-id=\"4b42e18\" data-element_type=\"container\" data-e-type=\"container\" data-settings=\"{&quot;background_background&quot;:&quot;classic&quot;}\">\n\t\t\t\t\t<div class=\"e-con-inner\">\n\t\t<div class=\"elementor-element elementor-element-e764375 e-con-full e-flex e-con e-child\" data-id=\"e764375\" data-element_type=\"container\" data-e-type=\"container\" data-settings=\"{&quot;background_background&quot;:&quot;classic&quot;}\">\n\t\t<div class=\"elementor-element elementor-element-e218229 e-con-full e-flex e-con e-child\" data-id=\"e218229\" data-element_type=\"container\" data-e-type=\"container\">\n\t\t\t\t<div class=\"elementor-element elementor-element-2f2b425 elementor-icon-list--layout-traditional elementor-list-item-link-full_width elementor-widget elementor-widget-icon-list\" data-id=\"2f2b425\" data-element_type=\"widget\" data-e-type=\"widget\" data-widget_type=\"icon-list.default\">\n\t\t\t\t\t\t\t<ul class=\"elementor-icon-list-items\">\n\t\t\t\t\t\t\t<li class=\"elementor-icon-list-item\">\n\t\t\t\t\t\t\t\t\t\t\t<span class=\"elementor-icon-list-icon\">\n\t\t\t\t\t\t\t<svg xmlns=\"http:\/\/www.w3.org\/2000\/svg\" id=\"a\" width=\"256\" height=\"256\" viewBox=\"0 0 256 256\"><path d=\"M64,0H0C0,70.69,57.31,128,128,128v-64C92.65,64,64,35.35,64,0Z\"><\/path><path d=\"M192,0h-64c0,70.69,57.31,128,128,128v-64C220.65,64,192,35.35,192,0Z\"><\/path><path d=\"M64,128H0C0,198.69,57.31,256,128,256v-64c-35.35,0-64-28.65-64-64Z\"><\/path><path d=\"M192,128h-64c0,70.69,57.31,128,128,128v-64c-35.35,0-64-28.65-64-64Z\"><\/path><\/svg>\t\t\t\t\t\t<\/span>\n\t\t\t\t\t\t\t\t\t\t<span class=\"elementor-icon-list-text\">Ved \u00e5 investere i et Tyre Tower-system kunne vi \u00f8ke omsetningen betraktelig, redusere lagerplassen uten \u00e5 ansette flere ansatte, og samtidig tredoble kapasiteten for lagrede dekk.<\/span>\n\t\t\t\t\t\t\t\t\t<\/li>\n\t\t\t\t\t\t<\/ul>\n\t\t\t\t\t\t<\/div>\n\t\t\t\t<div class=\"elementor-element elementor-element-2ced4fc sepa elementor-widget elementor-widget-heading\" data-id=\"2ced4fc\" data-element_type=\"widget\" data-e-type=\"widget\" data-widget_type=\"heading.default\">\n\t\t\t\t\t<p class=\"elementor-heading-title elementor-size-default\">Nummelan Rengasmyynti <span>\/<\/span> Jari Silfverberg<\/p>\t\t\t\t<\/div>\n\t\t\t\t<\/div>\n\t\t\t\t<\/div>\n\t\t\t\t\t<\/div>\n\t\t\t\t<\/div>\n\t\t\t\t<\/div>\n\t\t","protected":false},"excerpt":{"rendered":"<p>Tyre Tower \u2013 Skalerbar dekkoppbevaring for alle akt\u00f8rer, fra sm\u00e5 verksteder til store logistikksentre Optimaliser dekkoppbevaringen med Tyre Tower\u00ae Tyre Tower er en finsk innovasjon som gir akt\u00f8rer i bilbransjen en effektiv, funksjonell og sikker m\u00e5te \u00e5 lagre dekk p\u00e5. Systemet reduserer behovet for g\u00e5rds- eller gulvplass og gj\u00f8r det mulig \u00e5 finne og hente [&hellip;]<\/p>\n","protected":false},"author":1,"featured_media":0,"parent":0,"menu_order":15,"comment_status":"closed","ping_status":"open","template":"","meta":{"footnotes":""},"class_list":["post-983","page","type-page","status-publish","hentry"],"_links":{"self":[{"href":"https:\/\/tyretower.fi\/no\/wp-json\/wp\/v2\/pages\/983","targetHints":{"allow":["GET"]}}],"collection":[{"href":"https:\/\/tyretower.fi\/no\/wp-json\/wp\/v2\/pages"}],"about":[{"href":"https:\/\/tyretower.fi\/no\/wp-json\/wp\/v2\/types\/page"}],"author":[{"embeddable":true,"href":"https:\/\/tyretower.fi\/no\/wp-json\/wp\/v2\/users\/1"}],"replies":[{"embeddable":true,"href":"https:\/\/tyretower.fi\/no\/wp-json\/wp\/v2\/comments?post=983"}],"version-history":[{"count":5,"href":"https:\/\/tyretower.fi\/no\/wp-json\/wp\/v2\/pages\/983\/revisions"}],"predecessor-version":[{"id":1205,"href":"https:\/\/tyretower.fi\/no\/wp-json\/wp\/v2\/pages\/983\/revisions\/1205"}],"wp:attachment":[{"href":"https:\/\/tyretower.fi\/no\/wp-json\/wp\/v2\/media?parent=983"}],"curies":[{"name":"wp","href":"https:\/\/api.w.org\/{rel}","templated":true}]}}