{"id":992,"date":"2025-02-07T12:10:22","date_gmt":"2025-02-07T10:10:22","guid":{"rendered":"https:\/\/tyretower.fi\/oeffentlicher-sektor\/"},"modified":"2025-03-18T12:56:58","modified_gmt":"2025-03-18T10:56:58","slug":"oeffentlicher-sektor","status":"publish","type":"page","link":"https:\/\/tyretower.fi\/de\/oeffentlicher-sektor\/","title":{"rendered":"\u00d6ffentlicher Sektor"},"content":{"rendered":"\t\t<div data-elementor-type=\"wp-page\" data-elementor-id=\"992\" class=\"elementor elementor-992 elementor-687\" data-elementor-post-type=\"page\">\n\t\t\t\t<div class=\"elementor-element elementor-element-09aac9e parallax-container e-flex e-con-boxed e-con e-parent\" data-id=\"09aac9e\" data-element_type=\"container\" data-e-type=\"container\" data-settings=\"{&quot;background_background&quot;:&quot;classic&quot;}\">\n\t\t\t\t\t<div class=\"e-con-inner\">\n\t\t<div class=\"elementor-element elementor-element-d1aad9c e-con-full e-flex e-con e-child\" data-id=\"d1aad9c\" data-element_type=\"container\" data-e-type=\"container\">\n\t\t\t\t<div class=\"elementor-element elementor-element-8a5086a elementor-widget__width-inherit elementor-widget elementor-widget-heading\" data-id=\"8a5086a\" data-element_type=\"widget\" data-e-type=\"widget\" data-widget_type=\"heading.default\">\n\t\t\t\t\t<h1 class=\"elementor-heading-title elementor-size-default\">\u00d6ffentlicher Sektor<\/h1>\t\t\t\t<\/div>\n\t\t\t\t<div class=\"elementor-element elementor-element-9fcd4d8 elementor-widget__width-inherit elementor-widget elementor-widget-text-editor\" data-id=\"9fcd4d8\" data-element_type=\"widget\" data-e-type=\"widget\" data-widget_type=\"text-editor.default\">\n\t\t\t\t\t\t\t\t\t<p>Tyre Tower \u2013 Skalierbare Reifenlagerung f\u00fcr alle Betreiber, von kleinen Wartungsdepots bis hin zu gro\u00dfen Logistikzentren<\/p>\n\t\t\t\t\t\t\t\t<\/div>\n\t\t\t\t<\/div>\n\t\t\t\t\t<\/div>\n\t\t\t\t<\/div>\n\t\t<div class=\"elementor-element elementor-element-a83edee e-flex e-con-boxed e-con e-parent\" data-id=\"a83edee\" data-element_type=\"container\" data-e-type=\"container\">\n\t\t\t\t\t<div class=\"e-con-inner\">\n\t\t<div class=\"elementor-element elementor-element-70eb72a e-con-full e-flex e-con e-child\" data-id=\"70eb72a\" data-element_type=\"container\" data-e-type=\"container\">\n\t\t\t\t<div class=\"elementor-element elementor-element-16dcb19 elementor-widget elementor-widget-heading\" data-id=\"16dcb19\" data-element_type=\"widget\" data-e-type=\"widget\" data-widget_type=\"heading.default\">\n\t\t\t\t\t<h2 class=\"elementor-heading-title elementor-size-default\">Effiziente und sichere Reifeneinlagerung f\u00fcr alle Branchen<\/h2>\t\t\t\t<\/div>\n\t\t\t\t<div class=\"elementor-element elementor-element-b9bb97b elementor-widget elementor-widget-text-editor\" data-id=\"b9bb97b\" data-element_type=\"widget\" data-e-type=\"widget\" data-widget_type=\"text-editor.default\">\n\t\t\t\t\t\t\t\t\t<p>Unsere nationale Innovation bietet erhebliche Vorteile f\u00fcr \u00f6ffentliche Einrichtungen wie Feuerwehr, Polizei, Streitkr\u00e4fte und kommunale Wartungseinheiten.<\/p>\n<p>Das automatisierte Reifensystem kann sowohl im Innen- als auch im Au\u00dfenbereich installiert werden, was eine hohe Flexibilit\u00e4t f\u00fcr verschiedene Standorte und betriebliche Anforderungen bietet.<\/p>\n\t\t\t\t\t\t\t\t<\/div>\n\t\t\t\t<div class=\"elementor-element elementor-element-b002f3d elementor-icon-list--layout-traditional elementor-list-item-link-full_width elementor-widget elementor-widget-icon-list\" data-id=\"b002f3d\" data-element_type=\"widget\" data-e-type=\"widget\" data-widget_type=\"icon-list.default\">\n\t\t\t\t\t\t\t<ul class=\"elementor-icon-list-items\">\n\t\t\t\t\t\t\t<li class=\"elementor-icon-list-item\">\n\t\t\t\t\t\t\t\t\t\t\t<span class=\"elementor-icon-list-icon\">\n\t\t\t\t\t\t\t<svg xmlns=\"http:\/\/www.w3.org\/2000\/svg\" id=\"a\" width=\"180.62mm\" height=\"180.62mm\" viewBox=\"0 0 511.99 511.99\"><path d=\"m494.77,252.86h-.01c-.22-.31-.45-.62-.74-.91L258.76,16.71c-2.21-2.21-5.8-2.21-8.01,0l-20.83,20.83c-2.21,2.21-2.21,5.8,0,8.01l190.05,190.05H21.94c-3.2,0-5.68,2.48-5.68,5.68v29.44c0,3.2,2.48,5.68,5.68,5.68h398.09l-190.05,190.05c-2.21,2.21-2.21,5.8,0,8.01l20.83,20.83c2.21,2.21,5.8,2.21,8.01,0l235.26-235.26c1.95-1.95,2.18-4.96.69-7.16Z\"><\/path><\/svg>\t\t\t\t\t\t<\/span>\n\t\t\t\t\t\t\t\t\t\t<span class=\"elementor-icon-list-text\">Steigert Effizienz und Logistik \u2013 schnellere Verf\u00fcgbarkeit und einfacher Austausch von Reifen in operativen Situationen.<\/span>\n\t\t\t\t\t\t\t\t\t<\/li>\n\t\t\t\t\t\t\t\t<li class=\"elementor-icon-list-item\">\n\t\t\t\t\t\t\t\t\t\t\t<span class=\"elementor-icon-list-icon\">\n\t\t\t\t\t\t\t<svg xmlns=\"http:\/\/www.w3.org\/2000\/svg\" id=\"a\" width=\"180.62mm\" height=\"180.62mm\" viewBox=\"0 0 511.99 511.99\"><path d=\"m494.77,252.86h-.01c-.22-.31-.45-.62-.74-.91L258.76,16.71c-2.21-2.21-5.8-2.21-8.01,0l-20.83,20.83c-2.21,2.21-2.21,5.8,0,8.01l190.05,190.05H21.94c-3.2,0-5.68,2.48-5.68,5.68v29.44c0,3.2,2.48,5.68,5.68,5.68h398.09l-190.05,190.05c-2.21,2.21-2.21,5.8,0,8.01l20.83,20.83c2.21,2.21,5.8,2.21,8.01,0l235.26-235.26c1.95-1.95,2.18-4.96.69-7.16Z\"><\/path><\/svg>\t\t\t\t\t\t<\/span>\n\t\t\t\t\t\t\t\t\t\t<span class=\"elementor-icon-list-text\">Schnelles und systematisches Reifenmanagement \u2013 verk\u00fcrzt Wartungszeiten und minimiert Fahrzeugausf\u00e4lle.<\/span>\n\t\t\t\t\t\t\t\t\t<\/li>\n\t\t\t\t\t\t\t\t<li class=\"elementor-icon-list-item\">\n\t\t\t\t\t\t\t\t\t\t\t<span class=\"elementor-icon-list-icon\">\n\t\t\t\t\t\t\t<svg xmlns=\"http:\/\/www.w3.org\/2000\/svg\" id=\"a\" width=\"180.62mm\" height=\"180.62mm\" viewBox=\"0 0 511.99 511.99\"><path d=\"m494.77,252.86h-.01c-.22-.31-.45-.62-.74-.91L258.76,16.71c-2.21-2.21-5.8-2.21-8.01,0l-20.83,20.83c-2.21,2.21-2.21,5.8,0,8.01l190.05,190.05H21.94c-3.2,0-5.68,2.48-5.68,5.68v29.44c0,3.2,2.48,5.68,5.68,5.68h398.09l-190.05,190.05c-2.21,2.21-2.21,5.8,0,8.01l20.83,20.83c2.21,2.21,5.8,2.21,8.01,0l235.26-235.26c1.95-1.95,2.18-4.96.69-7.16Z\"><\/path><\/svg>\t\t\t\t\t\t<\/span>\n\t\t\t\t\t\t\t\t\t\t<span class=\"elementor-icon-list-text\">Flexible Installationsm\u00f6glichkeiten \u2013 kann innen oder au\u00dfen aufgestellt werden und passt sich an verschiedene Einrichtungen und Depots an.<\/span>\n\t\t\t\t\t\t\t\t\t<\/li>\n\t\t\t\t\t\t\t\t<li class=\"elementor-icon-list-item\">\n\t\t\t\t\t\t\t\t\t\t\t<span class=\"elementor-icon-list-icon\">\n\t\t\t\t\t\t\t<svg xmlns=\"http:\/\/www.w3.org\/2000\/svg\" id=\"a\" width=\"180.62mm\" height=\"180.62mm\" viewBox=\"0 0 511.99 511.99\"><path d=\"m494.77,252.86h-.01c-.22-.31-.45-.62-.74-.91L258.76,16.71c-2.21-2.21-5.8-2.21-8.01,0l-20.83,20.83c-2.21,2.21-2.21,5.8,0,8.01l190.05,190.05H21.94c-3.2,0-5.68,2.48-5.68,5.68v29.44c0,3.2,2.48,5.68,5.68,5.68h398.09l-190.05,190.05c-2.21,2.21-2.21,5.8,0,8.01l20.83,20.83c2.21,2.21,5.8,2.21,8.01,0l235.26-235.26c1.95-1.95,2.18-4.96.69-7.16Z\"><\/path><\/svg>\t\t\t\t\t\t<\/span>\n\t\t\t\t\t\t\t\t\t\t<span class=\"elementor-icon-list-text\">Verbessert Arbeitssicherheit und Ergonomie \u2013 reduziert Arbeitsunf\u00e4lle und Belastungssch\u00e4den.<\/span>\n\t\t\t\t\t\t\t\t\t<\/li>\n\t\t\t\t\t\t\t\t<li class=\"elementor-icon-list-item\">\n\t\t\t\t\t\t\t\t\t\t\t<span class=\"elementor-icon-list-icon\">\n\t\t\t\t\t\t\t<svg xmlns=\"http:\/\/www.w3.org\/2000\/svg\" id=\"a\" width=\"180.62mm\" height=\"180.62mm\" viewBox=\"0 0 511.99 511.99\"><path d=\"m494.77,252.86h-.01c-.22-.31-.45-.62-.74-.91L258.76,16.71c-2.21-2.21-5.8-2.21-8.01,0l-20.83,20.83c-2.21,2.21-2.21,5.8,0,8.01l190.05,190.05H21.94c-3.2,0-5.68,2.48-5.68,5.68v29.44c0,3.2,2.48,5.68,5.68,5.68h398.09l-190.05,190.05c-2.21,2.21-2.21,5.8,0,8.01l20.83,20.83c2.21,2.21,5.8,2.21,8.01,0l235.26-235.26c1.95-1.95,2.18-4.96.69-7.16Z\"><\/path><\/svg>\t\t\t\t\t\t<\/span>\n\t\t\t\t\t\t\t\t\t\t<span class=\"elementor-icon-list-text\">Spart bis zu 50 % Lagerfl\u00e4che \u2013 optimiert die Raumnutzung in engen Werkst\u00e4tten und Rettungsstationen.<\/span>\n\t\t\t\t\t\t\t\t\t<\/li>\n\t\t\t\t\t\t<\/ul>\n\t\t\t\t\t\t<\/div>\n\t\t\t\t<\/div>\n\t\t<div class=\"elementor-element elementor-element-f1fb530 e-con-full e-flex e-con e-child\" data-id=\"f1fb530\" data-element_type=\"container\" data-e-type=\"container\" data-settings=\"{&quot;background_background&quot;:&quot;classic&quot;}\">\n\t\t\t\t<div class=\"elementor-element elementor-element-cc08d3e elementor-widget elementor-widget-heading\" data-id=\"cc08d3e\" data-element_type=\"widget\" data-e-type=\"widget\" data-widget_type=\"heading.default\">\n\t\t\t\t\t<h3 class=\"elementor-heading-title elementor-size-default\">Tyre Tower\u00ae ist ideal f\u00fcr:<\/h3>\t\t\t\t<\/div>\n\t\t\t\t<div class=\"elementor-element elementor-element-d69df86 elementor-widget elementor-widget-text-editor\" data-id=\"d69df86\" data-element_type=\"widget\" data-e-type=\"widget\" data-widget_type=\"text-editor.default\">\n\t\t\t\t\t\t\t\t\t<p><b>St\u00e4dte und Kommunen<\/b><br \/>\nEffiziente L\u00f6sung zur Reifenlagerung f\u00fcr Verkehrsbetriebe, Stra\u00dfen- und Reinigungsdienste sowie Wartungsfahrzeuge.<\/p>\n<p><b>Feuerwehr und Polizei<\/b><br \/>\nSchnellere Reifenwechsel und optimierte Raumnutzung in Depots, in denen eine schnelle Reifenverf\u00fcgbarkeit entscheidend ist.<\/p>\n<p><b>Streitkr\u00e4fte und Grenzschutz<\/b><br \/>\nBesonders geeignet f\u00fcr Milit\u00e4reinrichtungen und Fuhrparks, bei denen gro\u00dfe Fahrzeugmengen eine kontinuierliche Reifenwartung erfordern.<\/p>\n\t\t\t\t\t\t\t\t<\/div>\n\t\t\t\t<div class=\"elementor-element elementor-element-106b91f elementor-widget elementor-widget-button\" data-id=\"106b91f\" data-element_type=\"widget\" data-e-type=\"widget\" data-widget_type=\"button.default\">\n\t\t\t\t\t\t\t\t\t\t<a class=\"elementor-button elementor-button-link elementor-size-sm\" href=\"https:\/\/tyretower.fi\/de\/kontaktieren-sie-uns\/\">\n\t\t\t\t\t\t<span class=\"elementor-button-content-wrapper\">\n\t\t\t\t\t\t\t\t\t<span class=\"elementor-button-text\">Jetzt kontaktieren und eine Vorf\u00fchrung anfordern.<\/span>\n\t\t\t\t\t<\/span>\n\t\t\t\t\t<\/a>\n\t\t\t\t\t\t\t\t<\/div>\n\t\t\t\t<\/div>\n\t\t\t\t\t<\/div>\n\t\t\t\t<\/div>\n\t\t<div class=\"elementor-element elementor-element-2de0982 e-flex e-con-boxed e-con e-parent\" data-id=\"2de0982\" data-element_type=\"container\" data-e-type=\"container\" data-settings=\"{&quot;background_background&quot;:&quot;classic&quot;}\">\n\t\t\t\t\t<div class=\"e-con-inner\">\n\t\t<div class=\"elementor-element elementor-element-95d3d46 e-con-full e-flex e-con e-child\" data-id=\"95d3d46\" data-element_type=\"container\" data-e-type=\"container\" data-settings=\"{&quot;background_background&quot;:&quot;classic&quot;}\">\n\t\t<div class=\"elementor-element elementor-element-82f72e7 e-con-full e-flex e-con e-child\" data-id=\"82f72e7\" data-element_type=\"container\" data-e-type=\"container\">\n\t\t\t\t<div class=\"elementor-element elementor-element-123180c elementor-icon-list--layout-traditional elementor-list-item-link-full_width elementor-widget elementor-widget-icon-list\" data-id=\"123180c\" data-element_type=\"widget\" data-e-type=\"widget\" data-widget_type=\"icon-list.default\">\n\t\t\t\t\t\t\t<ul class=\"elementor-icon-list-items\">\n\t\t\t\t\t\t\t<li class=\"elementor-icon-list-item\">\n\t\t\t\t\t\t\t\t\t\t\t<span class=\"elementor-icon-list-icon\">\n\t\t\t\t\t\t\t<svg xmlns=\"http:\/\/www.w3.org\/2000\/svg\" id=\"a\" width=\"256\" height=\"256\" viewBox=\"0 0 256 256\"><path d=\"M64,0H0C0,70.69,57.31,128,128,128v-64C92.65,64,64,35.35,64,0Z\"><\/path><path d=\"M192,0h-64c0,70.69,57.31,128,128,128v-64C220.65,64,192,35.35,192,0Z\"><\/path><path d=\"M64,128H0C0,198.69,57.31,256,128,256v-64c-35.35,0-64-28.65-64-64Z\"><\/path><path d=\"M192,128h-64c0,70.69,57.31,128,128,128v-64c-35.35,0-64-28.65-64-64Z\"><\/path><\/svg>\t\t\t\t\t\t<\/span>\n\t\t\t\t\t\t\t\t\t\t<span class=\"elementor-icon-list-text\">Durch die Investition in ein Tyre Tower-System konnten wir unseren Umsatz erheblich steigern, die ben\u00f6tigte Lagerfl\u00e4che reduzieren, ohne zus\u00e4tzliches Personal einzustellen, und gleichzeitig unsere Kapazit\u00e4t f\u00fcr eingelagerte Reifen verdreifachen.<\/span>\n\t\t\t\t\t\t\t\t\t<\/li>\n\t\t\t\t\t\t<\/ul>\n\t\t\t\t\t\t<\/div>\n\t\t\t\t<div class=\"elementor-element elementor-element-2541694 sepa elementor-widget elementor-widget-heading\" data-id=\"2541694\" data-element_type=\"widget\" data-e-type=\"widget\" data-widget_type=\"heading.default\">\n\t\t\t\t\t<p class=\"elementor-heading-title elementor-size-default\">Nummelan Rengasmyynti <span>\/<\/span> Jari Silfverberg<\/p>\t\t\t\t<\/div>\n\t\t\t\t<\/div>\n\t\t\t\t<\/div>\n\t\t\t\t\t<\/div>\n\t\t\t\t<\/div>\n\t\t\t\t<\/div>\n\t\t","protected":false},"excerpt":{"rendered":"<p>Tyre Tower \u2013 Skalierbare Reifenlagerung f\u00fcr alle Betreiber, von kleinen Wartungsdepots bis hin zu gro\u00dfen Logistikzentren Effiziente und sichere Reifeneinlagerung f\u00fcr alle Branchen Unsere nationale Innovation bietet erhebliche Vorteile f\u00fcr \u00f6ffentliche Einrichtungen wie Feuerwehr, Polizei, Streitkr\u00e4fte und kommunale Wartungseinheiten. Das automatisierte Reifensystem kann sowohl im Innen- als auch im Au\u00dfenbereich installiert werden, was eine hohe [&hellip;]<\/p>\n","protected":false},"author":1,"featured_media":0,"parent":0,"menu_order":20,"comment_status":"closed","ping_status":"open","template":"","meta":{"footnotes":""},"class_list":["post-992","page","type-page","status-publish","hentry"],"_links":{"self":[{"href":"https:\/\/tyretower.fi\/de\/wp-json\/wp\/v2\/pages\/992","targetHints":{"allow":["GET"]}}],"collection":[{"href":"https:\/\/tyretower.fi\/de\/wp-json\/wp\/v2\/pages"}],"about":[{"href":"https:\/\/tyretower.fi\/de\/wp-json\/wp\/v2\/types\/page"}],"author":[{"embeddable":true,"href":"https:\/\/tyretower.fi\/de\/wp-json\/wp\/v2\/users\/1"}],"replies":[{"embeddable":true,"href":"https:\/\/tyretower.fi\/de\/wp-json\/wp\/v2\/comments?post=992"}],"version-history":[{"count":5,"href":"https:\/\/tyretower.fi\/de\/wp-json\/wp\/v2\/pages\/992\/revisions"}],"predecessor-version":[{"id":1201,"href":"https:\/\/tyretower.fi\/de\/wp-json\/wp\/v2\/pages\/992\/revisions\/1201"}],"wp:attachment":[{"href":"https:\/\/tyretower.fi\/de\/wp-json\/wp\/v2\/media?parent=992"}],"curies":[{"name":"wp","href":"https:\/\/api.w.org\/{rel}","templated":true}]}}