{"id":980,"date":"2025-02-07T12:44:28","date_gmt":"2025-02-07T10:44:28","guid":{"rendered":"https:\/\/tyretower.fi\/automobil-und-reifenbranche\/"},"modified":"2025-03-18T12:56:13","modified_gmt":"2025-03-18T10:56:13","slug":"automobil-und-reifenbranche","status":"publish","type":"page","link":"https:\/\/tyretower.fi\/de\/automobil-und-reifenbranche\/","title":{"rendered":"Automobil- und Reifenbranche"},"content":{"rendered":"\t\t<div data-elementor-type=\"wp-page\" data-elementor-id=\"980\" class=\"elementor elementor-980 elementor-718\" data-elementor-post-type=\"page\">\n\t\t\t\t<div class=\"elementor-element elementor-element-e2856ed parallax-container e-flex e-con-boxed e-con e-parent\" data-id=\"e2856ed\" data-element_type=\"container\" data-e-type=\"container\" data-settings=\"{&quot;background_background&quot;:&quot;classic&quot;}\">\n\t\t\t\t\t<div class=\"e-con-inner\">\n\t\t<div class=\"elementor-element elementor-element-153b2f5 e-con-full e-flex e-con e-child\" data-id=\"153b2f5\" data-element_type=\"container\" data-e-type=\"container\">\n\t\t\t\t<div class=\"elementor-element elementor-element-2c995db elementor-widget__width-inherit elementor-widget elementor-widget-heading\" data-id=\"2c995db\" data-element_type=\"widget\" data-e-type=\"widget\" data-widget_type=\"heading.default\">\n\t\t\t\t\t<h1 class=\"elementor-heading-title elementor-size-default\">Automobil- und Reifenbranche<\/h1>\t\t\t\t<\/div>\n\t\t\t\t<div class=\"elementor-element elementor-element-5a58ecc elementor-widget__width-inherit elementor-widget elementor-widget-text-editor\" data-id=\"5a58ecc\" data-element_type=\"widget\" data-e-type=\"widget\" data-widget_type=\"text-editor.default\">\n\t\t\t\t\t\t\t\t\t<p>Tyre Tower \u2013 Die skalierbare Reifenlagerl\u00f6sung f\u00fcr Unternehmen jeder Gr\u00f6\u00dfe, von kleinen Servicewerkst\u00e4tten bis hin zu gro\u00dfen Logistikzentren<\/p>\n\t\t\t\t\t\t\t\t<\/div>\n\t\t\t\t<\/div>\n\t\t\t\t\t<\/div>\n\t\t\t\t<\/div>\n\t\t<div class=\"elementor-element elementor-element-6e3679f e-flex e-con-boxed e-con e-parent\" data-id=\"6e3679f\" data-element_type=\"container\" data-e-type=\"container\">\n\t\t\t\t\t<div class=\"e-con-inner\">\n\t\t<div class=\"elementor-element elementor-element-b7d3922 e-con-full e-flex e-con e-child\" data-id=\"b7d3922\" data-element_type=\"container\" data-e-type=\"container\">\n\t\t\t\t<div class=\"elementor-element elementor-element-871850b elementor-widget elementor-widget-heading\" data-id=\"871850b\" data-element_type=\"widget\" data-e-type=\"widget\" data-widget_type=\"heading.default\">\n\t\t\t\t\t<h2 class=\"elementor-heading-title elementor-size-default\">Optimieren Sie Ihre Reifenlagerung mit Tyre Tower\u00ae<\/h2>\t\t\t\t<\/div>\n\t\t\t\t<div class=\"elementor-element elementor-element-1a863a5 elementor-widget elementor-widget-text-editor\" data-id=\"1a863a5\" data-element_type=\"widget\" data-e-type=\"widget\" data-widget_type=\"text-editor.default\">\n\t\t\t\t\t\t\t\t\t<p>Tyre Tower ist eine finnische Innovation, die Unternehmen in der Automobilbranche eine effiziente, funktionale und sichere M\u00f6glichkeit zur Lagerung von Reifen bietet. Es reduziert den Bedarf an Hof- oder Bodenfl\u00e4che und erm\u00f6glicht eine 50 % schnellere Einlagerung und Entnahme im Vergleich zu herk\u00f6mmlichen Methoden.<\/p>\n\t\t\t\t\t\t\t\t<\/div>\n\t\t\t\t<div class=\"elementor-element elementor-element-fc8fceb elementor-widget elementor-widget-text-editor\" data-id=\"fc8fceb\" data-element_type=\"widget\" data-e-type=\"widget\" data-widget_type=\"text-editor.default\">\n\t\t\t\t\t\t\t\t\t<ul>\n<li>Durch die Investition in ein Tyre Tower-System k\u00f6nnen Sie Ihren Umsatz erheblich steigern, indem Sie die Lagerfl\u00e4che reduzieren, Personalressourcen optimieren und die Kapazit\u00e4t f\u00fcr eingelagerten Reifen verdreifachen.<\/li>\n<li>Schlie\u00dfen Sie sich \u00fcber 160 zufriedenen Kunden in Finnland an, die bereits auf Tyre Tower setzen.<\/li>\n<li>Kontaktieren Sie uns f\u00fcr ein Angebot und erfahren Sie, wie Tyre Tower Ihr Gesch\u00e4ft unterst\u00fctzen kann.<\/li>\n<\/ul>\n\t\t\t\t\t\t\t\t<\/div>\n\t\t\t\t<div class=\"elementor-element elementor-element-8b4b0f7 elementor-widget elementor-widget-button\" data-id=\"8b4b0f7\" data-element_type=\"widget\" data-e-type=\"widget\" data-widget_type=\"button.default\">\n\t\t\t\t\t\t\t\t\t\t<a class=\"elementor-button elementor-button-link elementor-size-sm\" href=\"https:\/\/tyretower.fi\/de\/kontaktieren-sie-uns\/\">\n\t\t\t\t\t\t<span class=\"elementor-button-content-wrapper\">\n\t\t\t\t\t\t\t\t\t<span class=\"elementor-button-text\">Jetzt kontaktieren und eine Vorf\u00fchrung anfordern.<\/span>\n\t\t\t\t\t<\/span>\n\t\t\t\t\t<\/a>\n\t\t\t\t\t\t\t\t<\/div>\n\t\t\t\t<\/div>\n\t\t<div class=\"elementor-element elementor-element-680f0fb e-con-full e-flex e-con e-child\" data-id=\"680f0fb\" data-element_type=\"container\" data-e-type=\"container\" data-settings=\"{&quot;background_background&quot;:&quot;classic&quot;}\">\n\t\t\t\t<div class=\"elementor-element elementor-element-d42c786 elementor-widget elementor-widget-heading\" data-id=\"d42c786\" data-element_type=\"widget\" data-e-type=\"widget\" data-widget_type=\"heading.default\">\n\t\t\t\t\t<h3 class=\"elementor-heading-title elementor-size-default\">Wichtigste Vorteile<\/h3>\t\t\t\t<\/div>\n\t\t\t\t<div class=\"elementor-element elementor-element-aef31c6 elementor-icon-list--layout-traditional elementor-list-item-link-full_width elementor-widget elementor-widget-icon-list\" data-id=\"aef31c6\" data-element_type=\"widget\" data-e-type=\"widget\" data-widget_type=\"icon-list.default\">\n\t\t\t\t\t\t\t<ul class=\"elementor-icon-list-items\">\n\t\t\t\t\t\t\t<li class=\"elementor-icon-list-item\">\n\t\t\t\t\t\t\t\t\t\t\t<span class=\"elementor-icon-list-icon\">\n\t\t\t\t\t\t\t<svg xmlns=\"http:\/\/www.w3.org\/2000\/svg\" id=\"a\" width=\"180.62mm\" height=\"180.62mm\" viewBox=\"0 0 511.99 511.99\"><path d=\"m494.77,252.86h-.01c-.22-.31-.45-.62-.74-.91L258.76,16.71c-2.21-2.21-5.8-2.21-8.01,0l-20.83,20.83c-2.21,2.21-2.21,5.8,0,8.01l190.05,190.05H21.94c-3.2,0-5.68,2.48-5.68,5.68v29.44c0,3.2,2.48,5.68,5.68,5.68h398.09l-190.05,190.05c-2.21,2.21-2.21,5.8,0,8.01l20.83,20.83c2.21,2.21,5.8,2.21,8.01,0l235.26-235.26c1.95-1.95,2.18-4.96.69-7.16Z\"><\/path><\/svg>\t\t\t\t\t\t<\/span>\n\t\t\t\t\t\t\t\t\t\t<span class=\"elementor-icon-list-text\"><b>Platzersparnis<\/b><br> Reifen werden vom Boden entfernt oder sogar au\u00dferhalb des Geb\u00e4udes gelagert, wodurch wertvoller Innenraum f\u00fcr andere Zwecke frei wird.<\/span>\n\t\t\t\t\t\t\t\t\t<\/li>\n\t\t\t\t\t\t\t\t<li class=\"elementor-icon-list-item\">\n\t\t\t\t\t\t\t\t\t\t\t<span class=\"elementor-icon-list-icon\">\n\t\t\t\t\t\t\t<svg xmlns=\"http:\/\/www.w3.org\/2000\/svg\" id=\"a\" width=\"180.62mm\" height=\"180.62mm\" viewBox=\"0 0 511.99 511.99\"><path d=\"m494.77,252.86h-.01c-.22-.31-.45-.62-.74-.91L258.76,16.71c-2.21-2.21-5.8-2.21-8.01,0l-20.83,20.83c-2.21,2.21-2.21,5.8,0,8.01l190.05,190.05H21.94c-3.2,0-5.68,2.48-5.68,5.68v29.44c0,3.2,2.48,5.68,5.68,5.68h398.09l-190.05,190.05c-2.21,2.21-2.21,5.8,0,8.01l20.83,20.83c2.21,2.21,5.8,2.21,8.01,0l235.26-235.26c1.95-1.95,2.18-4.96.69-7.16Z\"><\/path><\/svg>\t\t\t\t\t\t<\/span>\n\t\t\t\t\t\t\t\t\t\t<span class=\"elementor-icon-list-text\"><b>Effizienz<\/b><br> Reifens\u00e4tze k\u00f6nnen 50 % schneller als mit herk\u00f6mmlichen Lagerungsmethoden entnommen werden, was die Kundenbetreuung beschleunigt und die Zufriedenheit erh\u00f6ht.<\/span>\n\t\t\t\t\t\t\t\t\t<\/li>\n\t\t\t\t\t\t\t\t<li class=\"elementor-icon-list-item\">\n\t\t\t\t\t\t\t\t\t\t\t<span class=\"elementor-icon-list-icon\">\n\t\t\t\t\t\t\t<svg xmlns=\"http:\/\/www.w3.org\/2000\/svg\" id=\"a\" width=\"180.62mm\" height=\"180.62mm\" viewBox=\"0 0 511.99 511.99\"><path d=\"m494.77,252.86h-.01c-.22-.31-.45-.62-.74-.91L258.76,16.71c-2.21-2.21-5.8-2.21-8.01,0l-20.83,20.83c-2.21,2.21-2.21,5.8,0,8.01l190.05,190.05H21.94c-3.2,0-5.68,2.48-5.68,5.68v29.44c0,3.2,2.48,5.68,5.68,5.68h398.09l-190.05,190.05c-2.21,2.21-2.21,5.8,0,8.01l20.83,20.83c2.21,2.21,5.8,2.21,8.01,0l235.26-235.26c1.95-1.95,2.18-4.96.69-7.16Z\"><\/path><\/svg>\t\t\t\t\t\t<\/span>\n\t\t\t\t\t\t\t\t\t\t<span class=\"elementor-icon-list-text\"><b>Ergonomie und Sicherheit<\/b><br> Die automatisierte Handhabung reduziert manuelle Hebearbeiten, minimiert das Verletzungsrisiko und verbessert die ergonomischen Arbeitsbedingungen.<\/span>\n\t\t\t\t\t\t\t\t\t<\/li>\n\t\t\t\t\t\t\t\t<li class=\"elementor-icon-list-item\">\n\t\t\t\t\t\t\t\t\t\t\t<span class=\"elementor-icon-list-icon\">\n\t\t\t\t\t\t\t<svg xmlns=\"http:\/\/www.w3.org\/2000\/svg\" id=\"a\" width=\"180.62mm\" height=\"180.62mm\" viewBox=\"0 0 511.99 511.99\"><path d=\"m494.77,252.86h-.01c-.22-.31-.45-.62-.74-.91L258.76,16.71c-2.21-2.21-5.8-2.21-8.01,0l-20.83,20.83c-2.21,2.21-2.21,5.8,0,8.01l190.05,190.05H21.94c-3.2,0-5.68,2.48-5.68,5.68v29.44c0,3.2,2.48,5.68,5.68,5.68h398.09l-190.05,190.05c-2.21,2.21-2.21,5.8,0,8.01l20.83,20.83c2.21,2.21,5.8,2.21,8.01,0l235.26-235.26c1.95-1.95,2.18-4.96.69-7.16Z\"><\/path><\/svg>\t\t\t\t\t\t<\/span>\n\t\t\t\t\t\t\t\t\t\t<span class=\"elementor-icon-list-text\"><b>Kosteneinsparungen<\/b><br> Durch die Entlastung des Lagerpersonals f\u00fcr den Kundenservice und die Reduzierung der Transportkosten k\u00f6nnen Sie mit denselben Ressourcen Ihren Umsatz verdoppeln.<\/span>\n\t\t\t\t\t\t\t\t\t<\/li>\n\t\t\t\t\t\t\t\t<li class=\"elementor-icon-list-item\">\n\t\t\t\t\t\t\t\t\t\t\t<span class=\"elementor-icon-list-icon\">\n\t\t\t\t\t\t\t<svg xmlns=\"http:\/\/www.w3.org\/2000\/svg\" id=\"a\" width=\"180.62mm\" height=\"180.62mm\" viewBox=\"0 0 511.99 511.99\"><path d=\"m494.77,252.86h-.01c-.22-.31-.45-.62-.74-.91L258.76,16.71c-2.21-2.21-5.8-2.21-8.01,0l-20.83,20.83c-2.21,2.21-2.21,5.8,0,8.01l190.05,190.05H21.94c-3.2,0-5.68,2.48-5.68,5.68v29.44c0,3.2,2.48,5.68,5.68,5.68h398.09l-190.05,190.05c-2.21,2.21-2.21,5.8,0,8.01l20.83,20.83c2.21,2.21,5.8,2.21,8.01,0l235.26-235.26c1.95-1.95,2.18-4.96.69-7.16Z\"><\/path><\/svg>\t\t\t\t\t\t<\/span>\n\t\t\t\t\t\t\t\t\t\t<span class=\"elementor-icon-list-text\"><b>Flexible Installation<\/b><br> Tyre Tower kann sowohl innen als auch au\u00dfen installiert werden und ist ohne aufwendige Bauarbeiten einsatzbereit.<\/span>\n\t\t\t\t\t\t\t\t\t<\/li>\n\t\t\t\t\t\t<\/ul>\n\t\t\t\t\t\t<\/div>\n\t\t\t\t<\/div>\n\t\t\t\t\t<\/div>\n\t\t\t\t<\/div>\n\t\t<div class=\"elementor-element elementor-element-4b42e18 e-flex e-con-boxed e-con e-parent\" data-id=\"4b42e18\" data-element_type=\"container\" data-e-type=\"container\" data-settings=\"{&quot;background_background&quot;:&quot;classic&quot;}\">\n\t\t\t\t\t<div class=\"e-con-inner\">\n\t\t<div class=\"elementor-element elementor-element-e764375 e-con-full e-flex e-con e-child\" data-id=\"e764375\" data-element_type=\"container\" data-e-type=\"container\" data-settings=\"{&quot;background_background&quot;:&quot;classic&quot;}\">\n\t\t<div class=\"elementor-element elementor-element-e218229 e-con-full e-flex e-con e-child\" data-id=\"e218229\" data-element_type=\"container\" data-e-type=\"container\">\n\t\t\t\t<div class=\"elementor-element elementor-element-2f2b425 elementor-icon-list--layout-traditional elementor-list-item-link-full_width elementor-widget elementor-widget-icon-list\" data-id=\"2f2b425\" data-element_type=\"widget\" data-e-type=\"widget\" data-widget_type=\"icon-list.default\">\n\t\t\t\t\t\t\t<ul class=\"elementor-icon-list-items\">\n\t\t\t\t\t\t\t<li class=\"elementor-icon-list-item\">\n\t\t\t\t\t\t\t\t\t\t\t<span class=\"elementor-icon-list-icon\">\n\t\t\t\t\t\t\t<svg xmlns=\"http:\/\/www.w3.org\/2000\/svg\" id=\"a\" width=\"256\" height=\"256\" viewBox=\"0 0 256 256\"><path d=\"M64,0H0C0,70.69,57.31,128,128,128v-64C92.65,64,64,35.35,64,0Z\"><\/path><path d=\"M192,0h-64c0,70.69,57.31,128,128,128v-64C220.65,64,192,35.35,192,0Z\"><\/path><path d=\"M64,128H0C0,198.69,57.31,256,128,256v-64c-35.35,0-64-28.65-64-64Z\"><\/path><path d=\"M192,128h-64c0,70.69,57.31,128,128,128v-64c-35.35,0-64-28.65-64-64Z\"><\/path><\/svg>\t\t\t\t\t\t<\/span>\n\t\t\t\t\t\t\t\t\t\t<span class=\"elementor-icon-list-text\">Durch die Investition in ein Tyre Tower-System konnten wir unseren Umsatz erheblich steigern, die ben\u00f6tigte Lagerfl\u00e4che reduzieren, ohne zus\u00e4tzliches Personal einzustellen, und gleichzeitig unsere Kapazit\u00e4t f\u00fcr eingelagerte Reifen verdreifachen.<\/span>\n\t\t\t\t\t\t\t\t\t<\/li>\n\t\t\t\t\t\t<\/ul>\n\t\t\t\t\t\t<\/div>\n\t\t\t\t<div class=\"elementor-element elementor-element-2ced4fc sepa elementor-widget elementor-widget-heading\" data-id=\"2ced4fc\" data-element_type=\"widget\" data-e-type=\"widget\" data-widget_type=\"heading.default\">\n\t\t\t\t\t<p class=\"elementor-heading-title elementor-size-default\">Nummelan Rengasmyynti <span>\/<\/span> Jari Silfverberg<\/p>\t\t\t\t<\/div>\n\t\t\t\t<\/div>\n\t\t\t\t<\/div>\n\t\t\t\t\t<\/div>\n\t\t\t\t<\/div>\n\t\t\t\t<\/div>\n\t\t","protected":false},"excerpt":{"rendered":"<p>Tyre Tower \u2013 Die skalierbare Reifenlagerl\u00f6sung f\u00fcr Unternehmen jeder Gr\u00f6\u00dfe, von kleinen Servicewerkst\u00e4tten bis hin zu gro\u00dfen Logistikzentren Optimieren Sie Ihre Reifenlagerung mit Tyre Tower\u00ae Tyre Tower ist eine finnische Innovation, die Unternehmen in der Automobilbranche eine effiziente, funktionale und sichere M\u00f6glichkeit zur Lagerung von Reifen bietet. Es reduziert den Bedarf an Hof- oder Bodenfl\u00e4che [&hellip;]<\/p>\n","protected":false},"author":1,"featured_media":0,"parent":0,"menu_order":15,"comment_status":"closed","ping_status":"open","template":"","meta":{"footnotes":""},"class_list":["post-980","page","type-page","status-publish","hentry"],"_links":{"self":[{"href":"https:\/\/tyretower.fi\/de\/wp-json\/wp\/v2\/pages\/980","targetHints":{"allow":["GET"]}}],"collection":[{"href":"https:\/\/tyretower.fi\/de\/wp-json\/wp\/v2\/pages"}],"about":[{"href":"https:\/\/tyretower.fi\/de\/wp-json\/wp\/v2\/types\/page"}],"author":[{"embeddable":true,"href":"https:\/\/tyretower.fi\/de\/wp-json\/wp\/v2\/users\/1"}],"replies":[{"embeddable":true,"href":"https:\/\/tyretower.fi\/de\/wp-json\/wp\/v2\/comments?post=980"}],"version-history":[{"count":3,"href":"https:\/\/tyretower.fi\/de\/wp-json\/wp\/v2\/pages\/980\/revisions"}],"predecessor-version":[{"id":1197,"href":"https:\/\/tyretower.fi\/de\/wp-json\/wp\/v2\/pages\/980\/revisions\/1197"}],"wp:attachment":[{"href":"https:\/\/tyretower.fi\/de\/wp-json\/wp\/v2\/media?parent=980"}],"curies":[{"name":"wp","href":"https:\/\/api.w.org\/{rel}","templated":true}]}}