{"id":1003,"date":"2025-02-19T10:26:18","date_gmt":"2025-02-19T08:26:18","guid":{"rendered":"https:\/\/tyretower.fi\/videos\/"},"modified":"2025-10-07T11:50:28","modified_gmt":"2025-10-07T08:50:28","slug":"videos","status":"publish","type":"page","link":"https:\/\/tyretower.fi\/de\/videos\/","title":{"rendered":"Videos"},"content":{"rendered":"\t\t<div data-elementor-type=\"wp-page\" data-elementor-id=\"1003\" class=\"elementor elementor-1003 elementor-748\" data-elementor-post-type=\"page\">\n\t\t\t\t<div class=\"elementor-element elementor-element-147299f parallax-container e-flex e-con-boxed e-con e-parent\" data-id=\"147299f\" data-element_type=\"container\" data-e-type=\"container\" data-settings=\"{&quot;background_background&quot;:&quot;classic&quot;}\">\n\t\t\t\t\t<div class=\"e-con-inner\">\n\t\t<div class=\"elementor-element elementor-element-a361ebe e-con-full e-flex e-con e-child\" data-id=\"a361ebe\" data-element_type=\"container\" data-e-type=\"container\">\n\t\t\t\t<div class=\"elementor-element elementor-element-0844057 elementor-widget__width-inherit elementor-widget elementor-widget-heading\" data-id=\"0844057\" data-element_type=\"widget\" data-e-type=\"widget\" data-widget_type=\"heading.default\">\n\t\t\t\t\t<h1 class=\"elementor-heading-title elementor-size-default\">Videos<\/h1>\t\t\t\t<\/div>\n\t\t\t\t<div class=\"elementor-element elementor-element-a228721 elementor-widget__width-inherit elementor-widget elementor-widget-text-editor\" data-id=\"a228721\" data-element_type=\"widget\" data-e-type=\"widget\" data-widget_type=\"text-editor.default\">\n\t\t\t\t\t\t\t\t\t<p>Die Tyre Tower\u00ae-Videos zeigen nicht nur den Betrieb des automatisierten Reifenlagers, sondern auch dessen Installation auf dem Gel\u00e4nde des Kunden.<\/p>\n\t\t\t\t\t\t\t\t<\/div>\n\t\t\t\t<\/div>\n\t\t\t\t\t<\/div>\n\t\t\t\t<\/div>\n\t\t<div class=\"elementor-element elementor-element-b308041 e-flex e-con-boxed e-con e-parent\" data-id=\"b308041\" data-element_type=\"container\" data-e-type=\"container\">\n\t\t\t\t\t<div class=\"e-con-inner\">\n\t\t<div class=\"elementor-element elementor-element-0623195 e-con-full e-flex e-con e-child\" data-id=\"0623195\" data-element_type=\"container\" data-e-type=\"container\">\n\t\t\t\t<div class=\"elementor-element elementor-element-b16af00 elementor-widget elementor-widget-heading\" data-id=\"b16af00\" data-element_type=\"widget\" data-e-type=\"widget\" data-widget_type=\"heading.default\">\n\t\t\t\t\t<h2 class=\"elementor-heading-title elementor-size-default\">Klicken und ansehen<\/h2>\t\t\t\t<\/div>\n\t\t<div class=\"elementor-element elementor-element-f133ab2 e-grid e-con-full e-con e-child\" data-id=\"f133ab2\" data-element_type=\"container\" data-e-type=\"container\">\n\t\t<a class=\"elementor-element elementor-element-ea44abc e-con-full e-flex e-con e-child\" data-id=\"ea44abc\" data-element_type=\"container\" data-e-type=\"container\" data-settings=\"{&quot;background_background&quot;:&quot;classic&quot;}\" href=\"#elementor-action%3Aaction%3Dlightbox%26settings%3DeyJ0eXBlIjoidmlkZW8iLCJ2aWRlb1R5cGUiOiJ5b3V0dWJlIiwidXJsIjoiaHR0cHM6XC9cL3d3dy55b3V0dWJlLmNvbVwvZW1iZWRcL3Z6VFJ6dDQ5MzZJP2ZlYXR1cmU9b2VtYmVkIn0%3D\">\n\t\t\t\t<div class=\"elementor-element elementor-element-f18152a elementor-widget elementor-widget-spacer\" data-id=\"f18152a\" data-element_type=\"widget\" data-e-type=\"widget\" data-widget_type=\"spacer.default\">\n\t\t\t\t\t\t\t<div class=\"elementor-spacer\">\n\t\t\t<div class=\"elementor-spacer-inner\"><\/div>\n\t\t<\/div>\n\t\t\t\t\t\t<\/div>\n\t\t\t\t<div class=\"elementor-element elementor-element-cd9afba elementor-widget elementor-widget-image\" data-id=\"cd9afba\" data-element_type=\"widget\" data-e-type=\"widget\" data-widget_type=\"image.default\">\n\t\t\t\t\t\t\t\t\t\t\t\t\t\t\t<img decoding=\"async\" width=\"288\" height=\"142\" src=\"https:\/\/tyretower.fi\/wp-content\/uploads\/2025\/02\/Video-icon.svg\" class=\"attachment-large size-large wp-image-919\" alt=\"\" \/>\t\t\t\t\t\t\t\t\t\t\t\t\t\t\t<\/div>\n\t\t\t\t<div class=\"elementor-element elementor-element-73c8c89 elementor-widget elementor-widget-heading\" data-id=\"73c8c89\" data-element_type=\"widget\" data-e-type=\"widget\" data-widget_type=\"heading.default\">\n\t\t\t\t\t<h2 class=\"elementor-heading-title elementor-size-default\">Tyre Tower <br> Betriebsebene +4<\/h2>\t\t\t\t<\/div>\n\t\t\t\t<\/a>\n\t\t<a class=\"elementor-element elementor-element-d4a6cd4 e-con-full e-flex e-con e-child\" data-id=\"d4a6cd4\" data-element_type=\"container\" data-e-type=\"container\" data-settings=\"{&quot;background_background&quot;:&quot;classic&quot;}\" href=\"#elementor-action%3Aaction%3Dlightbox%26settings%3DeyJ0eXBlIjoidmlkZW8iLCJ2aWRlb1R5cGUiOiJ5b3V0dWJlIiwidXJsIjoiaHR0cHM6XC9cL3d3dy55b3V0dWJlLmNvbVwvZW1iZWRcL1hfRGpFN1RjWWRjP2ZlYXR1cmU9b2VtYmVkIn0%3D\">\n\t\t\t\t<div class=\"elementor-element elementor-element-51fb4aa elementor-widget elementor-widget-spacer\" data-id=\"51fb4aa\" data-element_type=\"widget\" data-e-type=\"widget\" data-widget_type=\"spacer.default\">\n\t\t\t\t\t\t\t<div class=\"elementor-spacer\">\n\t\t\t<div class=\"elementor-spacer-inner\"><\/div>\n\t\t<\/div>\n\t\t\t\t\t\t<\/div>\n\t\t\t\t<div class=\"elementor-element elementor-element-0721a83 elementor-widget elementor-widget-image\" data-id=\"0721a83\" data-element_type=\"widget\" data-e-type=\"widget\" data-widget_type=\"image.default\">\n\t\t\t\t\t\t\t\t\t\t\t\t\t\t\t<img decoding=\"async\" width=\"288\" height=\"142\" src=\"https:\/\/tyretower.fi\/wp-content\/uploads\/2025\/02\/Video-icon.svg\" class=\"attachment-large size-large wp-image-919\" alt=\"\" \/>\t\t\t\t\t\t\t\t\t\t\t\t\t\t\t<\/div>\n\t\t\t\t<div class=\"elementor-element elementor-element-c528e72 elementor-widget elementor-widget-heading\" data-id=\"c528e72\" data-element_type=\"widget\" data-e-type=\"widget\" data-widget_type=\"heading.default\">\n\t\t\t\t\t<h2 class=\"elementor-heading-title elementor-size-default\">Tyre Tower <br> Finnischer Reifenturm<\/h2>\t\t\t\t<\/div>\n\t\t\t\t<\/a>\n\t\t<a class=\"elementor-element elementor-element-0ab82f4 e-con-full e-flex e-con e-child\" data-id=\"0ab82f4\" data-element_type=\"container\" data-e-type=\"container\" data-settings=\"{&quot;background_background&quot;:&quot;classic&quot;}\" href=\"#elementor-action%3Aaction%3Dlightbox%26settings%3DeyJ0eXBlIjoidmlkZW8iLCJ2aWRlb1R5cGUiOiJ5b3V0dWJlIiwidXJsIjoiaHR0cHM6XC9cL3d3dy55b3V0dWJlLmNvbVwvZW1iZWRcL1FGQ2kzNVpWTmNRP2ZlYXR1cmU9b2VtYmVkIn0%3D\">\n\t\t\t\t<div class=\"elementor-element elementor-element-598e3a7 elementor-widget elementor-widget-spacer\" data-id=\"598e3a7\" data-element_type=\"widget\" data-e-type=\"widget\" data-widget_type=\"spacer.default\">\n\t\t\t\t\t\t\t<div class=\"elementor-spacer\">\n\t\t\t<div class=\"elementor-spacer-inner\"><\/div>\n\t\t<\/div>\n\t\t\t\t\t\t<\/div>\n\t\t\t\t<div class=\"elementor-element elementor-element-6e7fec7 elementor-widget elementor-widget-image\" data-id=\"6e7fec7\" data-element_type=\"widget\" data-e-type=\"widget\" data-widget_type=\"image.default\">\n\t\t\t\t\t\t\t\t\t\t\t\t\t\t\t<img decoding=\"async\" width=\"288\" height=\"142\" src=\"https:\/\/tyretower.fi\/wp-content\/uploads\/2025\/02\/Video-icon.svg\" class=\"attachment-large size-large wp-image-919\" alt=\"\" \/>\t\t\t\t\t\t\t\t\t\t\t\t\t\t\t<\/div>\n\t\t\t\t<div class=\"elementor-element elementor-element-09e96c7 elementor-widget elementor-widget-heading\" data-id=\"09e96c7\" data-element_type=\"widget\" data-e-type=\"widget\" data-widget_type=\"heading.default\">\n\t\t\t\t\t<h2 class=\"elementor-heading-title elementor-size-default\">Tyre Tower <br> Einf\u00fchrungsvideo<\/h2>\t\t\t\t<\/div>\n\t\t\t\t<\/a>\n\t\t\t\t<\/div>\n\t\t\t\t<\/div>\n\t\t\t\t\t<\/div>\n\t\t\t\t<\/div>\n\t\t<div class=\"elementor-element elementor-element-40b7a76 e-flex e-con-boxed e-con e-parent\" data-id=\"40b7a76\" data-element_type=\"container\" data-e-type=\"container\" data-settings=\"{&quot;background_background&quot;:&quot;classic&quot;}\">\n\t\t\t\t\t<div class=\"e-con-inner\">\n\t\t<div class=\"elementor-element elementor-element-ac96982 e-con-full e-flex e-con e-child\" data-id=\"ac96982\" data-element_type=\"container\" data-e-type=\"container\" data-settings=\"{&quot;background_background&quot;:&quot;classic&quot;}\">\n\t\t<div class=\"elementor-element elementor-element-4d2dc14 e-con-full e-flex e-con e-child\" data-id=\"4d2dc14\" data-element_type=\"container\" data-e-type=\"container\">\n\t\t\t\t<div class=\"elementor-element elementor-element-f82de83 elementor-icon-list--layout-traditional elementor-list-item-link-full_width elementor-widget elementor-widget-icon-list\" data-id=\"f82de83\" data-element_type=\"widget\" data-e-type=\"widget\" data-widget_type=\"icon-list.default\">\n\t\t\t\t\t\t\t<ul class=\"elementor-icon-list-items\">\n\t\t\t\t\t\t\t<li class=\"elementor-icon-list-item\">\n\t\t\t\t\t\t\t\t\t\t\t<span class=\"elementor-icon-list-icon\">\n\t\t\t\t\t\t\t<svg xmlns=\"http:\/\/www.w3.org\/2000\/svg\" id=\"a\" width=\"256\" height=\"256\" viewBox=\"0 0 256 256\"><path d=\"M64,0H0C0,70.69,57.31,128,128,128v-64C92.65,64,64,35.35,64,0Z\"><\/path><path d=\"M192,0h-64c0,70.69,57.31,128,128,128v-64C220.65,64,192,35.35,192,0Z\"><\/path><path d=\"M64,128H0C0,198.69,57.31,256,128,256v-64c-35.35,0-64-28.65-64-64Z\"><\/path><path d=\"M192,128h-64c0,70.69,57.31,128,128,128v-64c-35.35,0-64-28.65-64-64Z\"><\/path><\/svg>\t\t\t\t\t\t<\/span>\n\t\t\t\t\t\t\t\t\t\t<span class=\"elementor-icon-list-text\">Durch die Investition in ein Tyre Tower-System konnten wir unseren Umsatz erheblich steigern, die ben\u00f6tigte Lagerfl\u00e4che reduzieren, ohne zus\u00e4tzliches Personal einzustellen, und gleichzeitig unsere Kapazit\u00e4t f\u00fcr eingelagerte Reifen verdreifachen.<\/span>\n\t\t\t\t\t\t\t\t\t<\/li>\n\t\t\t\t\t\t<\/ul>\n\t\t\t\t\t\t<\/div>\n\t\t\t\t<div class=\"elementor-element elementor-element-e7ff34a sepa elementor-widget elementor-widget-heading\" data-id=\"e7ff34a\" data-element_type=\"widget\" data-e-type=\"widget\" data-widget_type=\"heading.default\">\n\t\t\t\t\t<p class=\"elementor-heading-title elementor-size-default\">Nummelan Rengasmyynti <span>\/<\/span> Jari Silfverberg<\/p>\t\t\t\t<\/div>\n\t\t\t\t<\/div>\n\t\t\t\t<\/div>\n\t\t\t\t\t<\/div>\n\t\t\t\t<\/div>\n\t\t\t\t<\/div>\n\t\t","protected":false},"excerpt":{"rendered":"<p>Die Tyre Tower\u00ae-Videos zeigen nicht nur den Betrieb des automatisierten Reifenlagers, sondern auch dessen Installation auf dem Gel\u00e4nde des Kunden. Klicken und ansehen Tyre Tower Betriebsebene +4 Tyre Tower Finnischer Reifenturm Tyre Tower Einf\u00fchrungsvideo Durch die Investition in ein Tyre Tower-System konnten wir unseren Umsatz erheblich steigern, die ben\u00f6tigte Lagerfl\u00e4che reduzieren, ohne zus\u00e4tzliches Personal einzustellen, [&hellip;]<\/p>\n","protected":false},"author":1,"featured_media":0,"parent":0,"menu_order":25,"comment_status":"closed","ping_status":"open","template":"","meta":{"footnotes":""},"class_list":["post-1003","page","type-page","status-publish","hentry"],"_links":{"self":[{"href":"https:\/\/tyretower.fi\/de\/wp-json\/wp\/v2\/pages\/1003","targetHints":{"allow":["GET"]}}],"collection":[{"href":"https:\/\/tyretower.fi\/de\/wp-json\/wp\/v2\/pages"}],"about":[{"href":"https:\/\/tyretower.fi\/de\/wp-json\/wp\/v2\/types\/page"}],"author":[{"embeddable":true,"href":"https:\/\/tyretower.fi\/de\/wp-json\/wp\/v2\/users\/1"}],"replies":[{"embeddable":true,"href":"https:\/\/tyretower.fi\/de\/wp-json\/wp\/v2\/comments?post=1003"}],"version-history":[{"count":5,"href":"https:\/\/tyretower.fi\/de\/wp-json\/wp\/v2\/pages\/1003\/revisions"}],"predecessor-version":[{"id":1336,"href":"https:\/\/tyretower.fi\/de\/wp-json\/wp\/v2\/pages\/1003\/revisions\/1336"}],"wp:attachment":[{"href":"https:\/\/tyretower.fi\/de\/wp-json\/wp\/v2\/media?parent=1003"}],"curies":[{"name":"wp","href":"https:\/\/api.w.org\/{rel}","templated":true}]}}